{"id":19186,"date":"2022-05-08T08:30:02","date_gmt":"2022-05-08T06:30:02","guid":{"rendered":"https:\/\/estoytrabajandoenello.es\/rijaskates\/cordones-edea\/"},"modified":"2024-09-01T11:33:30","modified_gmt":"2024-09-01T09:33:30","slug":"cordones-edea","status":"publish","type":"product","link":"https:\/\/estoytrabajandoenello.es\/rijaskates\/en\/cordones-edea\/","title":{"rendered":"Cordones Edea"},"content":{"rendered":"<p>Cord\u00f3n adecuado para patinaje art\u00edstico que garantiza un rendimiento superior. Hecho de poli\u00e9ster cardado, tubular plano. Resistente a enredos. Extremos resistentes y largos para asegurar un enhebrado f\u00e1cil.<\/p>\n<p>Los cordones deben cambiarse tan pronto como pierden su textura y elasticidad (esto hace que se afloje), es decir, cada 3-4 meses.<\/p>\n","protected":false},"excerpt":{"rendered":"<p>Cordones Edea<\/p>\n","protected":false},"featured_media":3778,"comment_status":"open","ping_status":"closed","template":"","meta":[],"pwb-brand":[],"product_cat":[27],"product_tag":[],"class_list":{"0":"post-19186","1":"product","2":"type-product","3":"status-publish","4":"has-post-thumbnail","6":"product_cat-patinaje-en-linea","8":"first","9":"outofstock","10":"taxable","11":"shipping-taxable","12":"product-type-variable"},"bundled_by":[],"bundle_stock_status":"outofstock","bundle_stock_quantity":null,"bundle_virtual":false,"bundle_layout":"","bundle_add_to_cart_form_location":"","bundle_editable_in_cart":false,"bundle_sold_individually_context":"","bundle_item_grouping":"","bundle_min_size":"","bundle_max_size":"","bundled_items":[],"bundle_sell_ids":[],"brands":[],"_links":{"self":[{"href":"https:\/\/estoytrabajandoenello.es\/rijaskates\/en\/wp-json\/wp\/v2\/product\/19186","targetHints":{"allow":["GET"]}}],"collection":[{"href":"https:\/\/estoytrabajandoenello.es\/rijaskates\/en\/wp-json\/wp\/v2\/product"}],"about":[{"href":"https:\/\/estoytrabajandoenello.es\/rijaskates\/en\/wp-json\/wp\/v2\/types\/product"}],"replies":[{"embeddable":true,"href":"https:\/\/estoytrabajandoenello.es\/rijaskates\/en\/wp-json\/wp\/v2\/comments?post=19186"}],"wp:featuredmedia":[{"embeddable":true,"href":"https:\/\/estoytrabajandoenello.es\/rijaskates\/en\/wp-json\/wp\/v2\/media\/3778"}],"wp:attachment":[{"href":"https:\/\/estoytrabajandoenello.es\/rijaskates\/en\/wp-json\/wp\/v2\/media?parent=19186"}],"wp:term":[{"taxonomy":"pwb-brand","embeddable":true,"href":"https:\/\/estoytrabajandoenello.es\/rijaskates\/en\/wp-json\/wp\/v2\/pwb-brand?post=19186"},{"taxonomy":"product_cat","embeddable":true,"href":"https:\/\/estoytrabajandoenello.es\/rijaskates\/en\/wp-json\/wp\/v2\/product_cat?post=19186"},{"taxonomy":"product_tag","embeddable":true,"href":"https:\/\/estoytrabajandoenello.es\/rijaskates\/en\/wp-json\/wp\/v2\/product_tag?post=19186"}],"curies":[{"name":"wp","href":"https:\/\/api.w.org\/{rel}","templated":true}]}}