{"id":19266,"date":"2022-05-08T10:26:30","date_gmt":"2022-05-08T08:26:30","guid":{"rendered":"https:\/\/estoytrabajandoenello.es\/rijaskates\/?post_type=product&#038;p=19266"},"modified":"2024-01-09T00:22:13","modified_gmt":"2024-01-08T23:22:13","slug":"blade-towel-edea","status":"publish","type":"product","link":"https:\/\/estoytrabajandoenello.es\/rijaskates\/en\/blade-towel-edea\/","title":{"rendered":"Blade Towel Edea"},"content":{"rendered":"<p class=\"p1\">La cuchilla es una de las partes m\u00e1s importantes de los patines, mantenerla seca es fundamental.<\/p>\n<p class=\"p1\">Fabricado a partir de una microfibra suave especial que puede limpiar la cuchilla sin rayar la superficie.<\/p>\n<p class=\"p1\">Su material s\u00faper absorbente elimina el agua y asegura cuchillas extra secas para la pr\u00f3xima vez que patines.<\/p>\n<p class=\"p1\">Nuestras nuevas toallas de hoja verde, p\u00farpura, rosa y azul claro garantizan la m\u00e1xima sequedad.<\/p>\n<p class=\"p1\">Composici\u00f3n: 80% Poli\u00e9ster, 20% Algod\u00f3n<\/p>\n<p class=\"p1\">Medidas: 30 cm x 30 cm<\/p>\n","protected":false},"excerpt":{"rendered":"<p>Blade Towel Edea<\/p>\n","protected":false},"featured_media":4073,"comment_status":"open","ping_status":"closed","template":"","meta":[],"pwb-brand":[549],"product_cat":[960],"product_tag":[],"class_list":{"0":"post-19266","1":"product","2":"type-product","3":"status-publish","4":"has-post-thumbnail","6":"pwb-brand-edea-en","7":"product_cat-accesorios-en","9":"first","10":"instock","11":"taxable","12":"shipping-taxable","13":"purchasable","14":"product-type-variable"},"bundled_by":[],"bundle_stock_status":"instock","bundle_stock_quantity":53,"bundle_virtual":false,"bundle_layout":"","bundle_add_to_cart_form_location":"","bundle_editable_in_cart":false,"bundle_sold_individually_context":"","bundle_item_grouping":"","bundle_min_size":"","bundle_max_size":"","bundled_items":[],"bundle_sell_ids":[],"brands":[{"id":549,"name":"EDEA","slug":"edea-en"}],"_links":{"self":[{"href":"https:\/\/estoytrabajandoenello.es\/rijaskates\/en\/wp-json\/wp\/v2\/product\/19266","targetHints":{"allow":["GET"]}}],"collection":[{"href":"https:\/\/estoytrabajandoenello.es\/rijaskates\/en\/wp-json\/wp\/v2\/product"}],"about":[{"href":"https:\/\/estoytrabajandoenello.es\/rijaskates\/en\/wp-json\/wp\/v2\/types\/product"}],"replies":[{"embeddable":true,"href":"https:\/\/estoytrabajandoenello.es\/rijaskates\/en\/wp-json\/wp\/v2\/comments?post=19266"}],"wp:featuredmedia":[{"embeddable":true,"href":"https:\/\/estoytrabajandoenello.es\/rijaskates\/en\/wp-json\/wp\/v2\/media\/4073"}],"wp:attachment":[{"href":"https:\/\/estoytrabajandoenello.es\/rijaskates\/en\/wp-json\/wp\/v2\/media?parent=19266"}],"wp:term":[{"taxonomy":"pwb-brand","embeddable":true,"href":"https:\/\/estoytrabajandoenello.es\/rijaskates\/en\/wp-json\/wp\/v2\/pwb-brand?post=19266"},{"taxonomy":"product_cat","embeddable":true,"href":"https:\/\/estoytrabajandoenello.es\/rijaskates\/en\/wp-json\/wp\/v2\/product_cat?post=19266"},{"taxonomy":"product_tag","embeddable":true,"href":"https:\/\/estoytrabajandoenello.es\/rijaskates\/en\/wp-json\/wp\/v2\/product_tag?post=19266"}],"curies":[{"name":"wp","href":"https:\/\/api.w.org\/{rel}","templated":true}]}}