{"id":16847,"date":"2022-03-28T23:44:07","date_gmt":"2022-03-28T21:44:07","guid":{"rendered":"https:\/\/estoytrabajandoenello.es\/rijaskates\/nueva\/bolsa-jacquard\/"},"modified":"2025-09-11T11:32:39","modified_gmt":"2025-09-11T09:32:39","slug":"bolsa-jacquard","status":"publish","type":"product","link":"https:\/\/estoytrabajandoenello.es\/rijaskates\/bolsa-jacquard\/","title":{"rendered":"Bolsa Sagomata Jacquard"},"content":{"rendered":"<p>El tejido grueso de poli\u00e9ster hace que la bolsa sea resistente, duradera y lavable . El acabado liso opaco tambi\u00e9n evita que la suciedad se grabe .<br \/>\nDebido a que el patinaje es nuestra pasi\u00f3n, hemos agregado esos detalles que solo alguien que ama el patinaje notar\u00eda:<br \/>\nhay inserciones de tela de malla en los lados para ventilaci\u00f3n interior para ayudar a mantener las botas m\u00e1s frescas cuando se llevan .<br \/>\nLa base interna r\u00edgida est\u00e1 cubierta de material dise\u00f1ado para absorber la humedad . La funda es extra\u00edble y lavable. Esto tambi\u00e9n es de doble cara, con un lado m\u00e1s suave para los patines y un lado m\u00e1s duro para los rodillos.<\/p>\n<p>Hay un bolsillo interior de malla en el costado para almacenar art\u00edculos peque\u00f1os como cordones de repuesto, calcetines, correas de encaje Edea o un tirador de encaje.<br \/>\n2 bolsillos exteriores traseros grandes (uno con cierre de cremallera y malla y el otro abierto) significa que puedes mantener tu kit alejado de las botas .<br \/>\nHemos agregado un punto de drenaje en la base de la bolsa para ayudar a mantener las botas frescas , con 4 pernos en la base de la bolsa para mantenerla alejada del suelo y ayudar al drenaje.<br \/>\nCada bolso tiene una correa ajustable para el hombro y un asa acolchada para que sea f\u00e1cil de transportar .<br \/>\nUn toque final elegante es un pomp\u00f3n peludo desmontable .<\/p>\n","protected":false},"excerpt":{"rendered":"<p>El tejido grueso de poli\u00e9ster hace que la bolsa sea resistente, duradera y lavable . El acabado liso opaco tambi\u00e9n evita que la suciedad se grabe . Debido a que el patinaje es nuestra pasi\u00f3n, hemos agregado esos detalles que solo alguien que ama el patinaje notar\u00eda: hay inserciones de tela de malla en los [&hellip;]<\/p>\n","protected":false},"featured_media":11386,"comment_status":"open","ping_status":"closed","template":"","meta":[],"pwb-brand":[544],"product_cat":[83],"product_tag":[],"class_list":{"0":"post-16847","1":"product","2":"type-product","3":"status-publish","4":"has-post-thumbnail","6":"pwb-brand-edea","7":"product_cat-accesorios-patinaje-artistico-sobre-ruedas","9":"first","10":"instock","11":"taxable","12":"shipping-taxable","13":"purchasable","14":"product-type-simple"},"bundled_by":[],"bundle_stock_status":"instock","bundle_stock_quantity":5,"bundle_virtual":false,"bundle_layout":"","bundle_add_to_cart_form_location":"","bundle_editable_in_cart":false,"bundle_sold_individually_context":"","bundle_item_grouping":"","bundle_min_size":"","bundle_max_size":"","bundled_items":[],"bundle_sell_ids":[],"brands":[{"id":544,"name":"EDEA","slug":"edea"}],"_links":{"self":[{"href":"https:\/\/estoytrabajandoenello.es\/rijaskates\/wp-json\/wp\/v2\/product\/16847","targetHints":{"allow":["GET"]}}],"collection":[{"href":"https:\/\/estoytrabajandoenello.es\/rijaskates\/wp-json\/wp\/v2\/product"}],"about":[{"href":"https:\/\/estoytrabajandoenello.es\/rijaskates\/wp-json\/wp\/v2\/types\/product"}],"replies":[{"embeddable":true,"href":"https:\/\/estoytrabajandoenello.es\/rijaskates\/wp-json\/wp\/v2\/comments?post=16847"}],"wp:featuredmedia":[{"embeddable":true,"href":"https:\/\/estoytrabajandoenello.es\/rijaskates\/wp-json\/wp\/v2\/media\/11386"}],"wp:attachment":[{"href":"https:\/\/estoytrabajandoenello.es\/rijaskates\/wp-json\/wp\/v2\/media?parent=16847"}],"wp:term":[{"taxonomy":"pwb-brand","embeddable":true,"href":"https:\/\/estoytrabajandoenello.es\/rijaskates\/wp-json\/wp\/v2\/pwb-brand?post=16847"},{"taxonomy":"product_cat","embeddable":true,"href":"https:\/\/estoytrabajandoenello.es\/rijaskates\/wp-json\/wp\/v2\/product_cat?post=16847"},{"taxonomy":"product_tag","embeddable":true,"href":"https:\/\/estoytrabajandoenello.es\/rijaskates\/wp-json\/wp\/v2\/product_tag?post=16847"}],"curies":[{"name":"wp","href":"https:\/\/api.w.org\/{rel}","templated":true}]}}