{"id":16849,"date":"2022-03-28T23:44:30","date_gmt":"2022-03-28T21:44:30","guid":{"rendered":"https:\/\/estoytrabajandoenello.es\/rijaskates\/nueva\/bolsa-plume\/"},"modified":"2025-09-11T11:32:00","modified_gmt":"2025-09-11T09:32:00","slug":"bolsa-plume","status":"publish","type":"product","link":"https:\/\/estoytrabajandoenello.es\/rijaskates\/bolsa-plume\/","title":{"rendered":"Bolsa Plume"},"content":{"rendered":"<p>El tejido grueso de poli\u00e9ster hace que la bolsa sea resistente, duradera y lavable. El acabado suave y opaco evita que la suciedad se incruste.<\/p>\n<p>Dos ventilaciones laterales de malla para frescura extra.<\/p>\n<p>Base r\u00edgida extra\u00edble de doble superficie. El lado duro dise\u00f1ado para usar con patines de ruedas, el lado absorbente m\u00e1s suave dise\u00f1ado para patines de hielo.<\/p>\n<p>Gran bolsillo interior de malla para guardar lo esencial: cordones, calcetines, tiras de cordones, tirador de cordones.<br \/>\nGran segundo bolsillo en la parte posterior de la bolsa para equipo y un segundo bolsillo abierto para facilitar el acceso.<\/p>\n<p>Orificio de drenaje en la parte inferior para ayudar a mantener las botas frescas y parte inferior con tachuelas para ayudar a mantener el contenido seco.<\/p>\n<p>Correa de hombro ajustable y asa acolchada para que sea f\u00e1cil de llevar.<\/p>\n","protected":false},"excerpt":{"rendered":"<p>El tejido grueso de poli\u00e9ster hace que la bolsa sea resistente, duradera y lavable. El acabado suave y opaco evita que la suciedad se incruste. Dos ventilaciones laterales de malla para frescura extra. Base r\u00edgida extra\u00edble de doble superficie. El lado duro dise\u00f1ado para usar con patines de ruedas, el lado absorbente m\u00e1s suave dise\u00f1ado [&hellip;]<\/p>\n","protected":false},"featured_media":11392,"comment_status":"open","ping_status":"closed","template":"","meta":[],"pwb-brand":[544],"product_cat":[83],"product_tag":[],"class_list":{"0":"post-16849","1":"product","2":"type-product","3":"status-publish","4":"has-post-thumbnail","6":"pwb-brand-edea","7":"product_cat-accesorios-patinaje-artistico-sobre-ruedas","9":"first","10":"outofstock","11":"taxable","12":"shipping-taxable","13":"purchasable","14":"product-type-simple"},"bundled_by":[],"bundle_stock_status":"outofstock","bundle_stock_quantity":0,"bundle_virtual":false,"bundle_layout":"","bundle_add_to_cart_form_location":"","bundle_editable_in_cart":false,"bundle_sold_individually_context":"","bundle_item_grouping":"","bundle_min_size":"","bundle_max_size":"","bundled_items":[],"bundle_sell_ids":[],"brands":[{"id":544,"name":"EDEA","slug":"edea"}],"_links":{"self":[{"href":"https:\/\/estoytrabajandoenello.es\/rijaskates\/wp-json\/wp\/v2\/product\/16849","targetHints":{"allow":["GET"]}}],"collection":[{"href":"https:\/\/estoytrabajandoenello.es\/rijaskates\/wp-json\/wp\/v2\/product"}],"about":[{"href":"https:\/\/estoytrabajandoenello.es\/rijaskates\/wp-json\/wp\/v2\/types\/product"}],"replies":[{"embeddable":true,"href":"https:\/\/estoytrabajandoenello.es\/rijaskates\/wp-json\/wp\/v2\/comments?post=16849"}],"wp:featuredmedia":[{"embeddable":true,"href":"https:\/\/estoytrabajandoenello.es\/rijaskates\/wp-json\/wp\/v2\/media\/11392"}],"wp:attachment":[{"href":"https:\/\/estoytrabajandoenello.es\/rijaskates\/wp-json\/wp\/v2\/media?parent=16849"}],"wp:term":[{"taxonomy":"pwb-brand","embeddable":true,"href":"https:\/\/estoytrabajandoenello.es\/rijaskates\/wp-json\/wp\/v2\/pwb-brand?post=16849"},{"taxonomy":"product_cat","embeddable":true,"href":"https:\/\/estoytrabajandoenello.es\/rijaskates\/wp-json\/wp\/v2\/product_cat?post=16849"},{"taxonomy":"product_tag","embeddable":true,"href":"https:\/\/estoytrabajandoenello.es\/rijaskates\/wp-json\/wp\/v2\/product_tag?post=16849"}],"curies":[{"name":"wp","href":"https:\/\/api.w.org\/{rel}","templated":true}]}}