{"id":16850,"date":"2022-03-28T23:44:41","date_gmt":"2022-03-28T21:44:41","guid":{"rendered":"https:\/\/estoytrabajandoenello.es\/rijaskates\/nueva\/bolsa-kitten\/"},"modified":"2025-09-11T11:32:39","modified_gmt":"2025-09-11T09:32:39","slug":"bolsa-kitten","status":"publish","type":"product","link":"https:\/\/estoytrabajandoenello.es\/rijaskates\/bolsa-kitten\/","title":{"rendered":"Bolsa Kitten"},"content":{"rendered":"<p>El poli\u00e9ster de tejido grueso hace que la bolsa sea resistente, duradera y lavable.<\/p>\n<p>La base interior r\u00edgida est\u00e1 cubierta de material dise\u00f1ado para absorber la humedad. La funda es extra\u00edble y lavable. Es de doble cara, con un lado m\u00e1s blando para patines de hielo y un lado m\u00e1s duro para patines.<\/p>\n<p>El bolsillo interior de malla en el lateral para guardar art\u00edculos peque\u00f1os como cordones de repuesto, calcetines, correas Edea Lace o un tirador de cordones, as\u00ed como el bolsillo exterior trasero grande adicional que significa espacio de almacenamiento adicional para esas cosas extra vitales.<\/p>\n<p>Hemos agregado un punto de drenaje en la base de la bolsa para ayudar a mantener las botas frescas con 4 tachuelas en la base de la bolsa para mantenerla alejada del suelo y ayudar con el drenaje.<\/p>\n<p>Cada bolso tiene una correa para el hombro ajustable y un asa acolchada para que sea f\u00e1cil de transportar.<\/p>\n","protected":false},"excerpt":{"rendered":"<p>El poli\u00e9ster de tejido grueso hace que la bolsa sea resistente, duradera y lavable. La base interior r\u00edgida est\u00e1 cubierta de material dise\u00f1ado para absorber la humedad. La funda es extra\u00edble y lavable. Es de doble cara, con un lado m\u00e1s blando para patines de hielo y un lado m\u00e1s duro para patines. El bolsillo [&hellip;]<\/p>\n","protected":false},"featured_media":11404,"comment_status":"open","ping_status":"closed","template":"","meta":[],"pwb-brand":[544],"product_cat":[83],"product_tag":[],"class_list":{"0":"post-16850","1":"product","2":"type-product","3":"status-publish","4":"has-post-thumbnail","6":"pwb-brand-edea","7":"product_cat-accesorios-patinaje-artistico-sobre-ruedas","9":"first","10":"instock","11":"taxable","12":"shipping-taxable","13":"purchasable","14":"product-type-simple"},"bundled_by":[],"bundle_stock_status":"instock","bundle_stock_quantity":48,"bundle_virtual":false,"bundle_layout":"","bundle_add_to_cart_form_location":"","bundle_editable_in_cart":false,"bundle_sold_individually_context":"","bundle_item_grouping":"","bundle_min_size":"","bundle_max_size":"","bundled_items":[],"bundle_sell_ids":[],"brands":[{"id":544,"name":"EDEA","slug":"edea"}],"_links":{"self":[{"href":"https:\/\/estoytrabajandoenello.es\/rijaskates\/wp-json\/wp\/v2\/product\/16850","targetHints":{"allow":["GET"]}}],"collection":[{"href":"https:\/\/estoytrabajandoenello.es\/rijaskates\/wp-json\/wp\/v2\/product"}],"about":[{"href":"https:\/\/estoytrabajandoenello.es\/rijaskates\/wp-json\/wp\/v2\/types\/product"}],"replies":[{"embeddable":true,"href":"https:\/\/estoytrabajandoenello.es\/rijaskates\/wp-json\/wp\/v2\/comments?post=16850"}],"wp:featuredmedia":[{"embeddable":true,"href":"https:\/\/estoytrabajandoenello.es\/rijaskates\/wp-json\/wp\/v2\/media\/11404"}],"wp:attachment":[{"href":"https:\/\/estoytrabajandoenello.es\/rijaskates\/wp-json\/wp\/v2\/media?parent=16850"}],"wp:term":[{"taxonomy":"pwb-brand","embeddable":true,"href":"https:\/\/estoytrabajandoenello.es\/rijaskates\/wp-json\/wp\/v2\/pwb-brand?post=16850"},{"taxonomy":"product_cat","embeddable":true,"href":"https:\/\/estoytrabajandoenello.es\/rijaskates\/wp-json\/wp\/v2\/product_cat?post=16850"},{"taxonomy":"product_tag","embeddable":true,"href":"https:\/\/estoytrabajandoenello.es\/rijaskates\/wp-json\/wp\/v2\/product_tag?post=16850"}],"curies":[{"name":"wp","href":"https:\/\/api.w.org\/{rel}","templated":true}]}}