{"id":16851,"date":"2022-03-28T23:44:51","date_gmt":"2022-03-28T21:44:51","guid":{"rendered":"https:\/\/estoytrabajandoenello.es\/rijaskates\/nueva\/bolsa-sweet\/"},"modified":"2025-09-11T11:32:00","modified_gmt":"2025-09-11T09:32:00","slug":"bolsa-sweet","status":"publish","type":"product","link":"https:\/\/estoytrabajandoenello.es\/rijaskates\/bolsa-sweet\/","title":{"rendered":"Bolsa Sweet"},"content":{"rendered":"<p>Esta bolsa con forma est\u00e1 dise\u00f1ada para llevar un par de patines.<br \/>\nHecha de poli\u00e9ster antidesgarro de tejido grueso para mayor durabilidad y lavable para un f\u00e1cil mantenimiento. El acabado liso opaco evita que la suciedad quede engrasada.<br \/>\nBase r\u00edgida extra\u00edble de doble superficie. El lado duro dise\u00f1ado para su uso con patines de rodillos, el lado m\u00e1s suave absorbente dise\u00f1ado para patines de hielo.<br \/>\nGran bolsillo interior de malla para guardar lo esencial: cordones, calcetines, correas de encaje, puller de encaje.<br \/>\nOrificio de drenaje en la parte inferior para ayudar a mantener las botas frescas y con tachuelas en la parte inferior para ayudar a mantener el contenido seco.<br \/>\nCorrea de hombro ajustable y asa acolchada para que sea f\u00e1cil de transportar.<\/p>\n","protected":false},"excerpt":{"rendered":"<p>Esta bolsa con forma est\u00e1 dise\u00f1ada para llevar un par de patines. Hecha de poli\u00e9ster antidesgarro de tejido grueso para mayor durabilidad y lavable para un f\u00e1cil mantenimiento. El acabado liso opaco evita que la suciedad quede engrasada. Base r\u00edgida extra\u00edble de doble superficie. El lado duro dise\u00f1ado para su uso con patines de rodillos, [&hellip;]<\/p>\n","protected":false},"featured_media":11407,"comment_status":"open","ping_status":"closed","template":"","meta":[],"pwb-brand":[544],"product_cat":[83],"product_tag":[],"class_list":{"0":"post-16851","1":"product","2":"type-product","3":"status-publish","4":"has-post-thumbnail","6":"pwb-brand-edea","7":"product_cat-accesorios-patinaje-artistico-sobre-ruedas","9":"first","10":"instock","11":"taxable","12":"shipping-taxable","13":"purchasable","14":"product-type-simple"},"bundled_by":[],"bundle_stock_status":"instock","bundle_stock_quantity":18,"bundle_virtual":false,"bundle_layout":"","bundle_add_to_cart_form_location":"","bundle_editable_in_cart":false,"bundle_sold_individually_context":"","bundle_item_grouping":"","bundle_min_size":"","bundle_max_size":"","bundled_items":[],"bundle_sell_ids":[],"brands":[{"id":544,"name":"EDEA","slug":"edea"}],"_links":{"self":[{"href":"https:\/\/estoytrabajandoenello.es\/rijaskates\/wp-json\/wp\/v2\/product\/16851","targetHints":{"allow":["GET"]}}],"collection":[{"href":"https:\/\/estoytrabajandoenello.es\/rijaskates\/wp-json\/wp\/v2\/product"}],"about":[{"href":"https:\/\/estoytrabajandoenello.es\/rijaskates\/wp-json\/wp\/v2\/types\/product"}],"replies":[{"embeddable":true,"href":"https:\/\/estoytrabajandoenello.es\/rijaskates\/wp-json\/wp\/v2\/comments?post=16851"}],"wp:featuredmedia":[{"embeddable":true,"href":"https:\/\/estoytrabajandoenello.es\/rijaskates\/wp-json\/wp\/v2\/media\/11407"}],"wp:attachment":[{"href":"https:\/\/estoytrabajandoenello.es\/rijaskates\/wp-json\/wp\/v2\/media?parent=16851"}],"wp:term":[{"taxonomy":"pwb-brand","embeddable":true,"href":"https:\/\/estoytrabajandoenello.es\/rijaskates\/wp-json\/wp\/v2\/pwb-brand?post=16851"},{"taxonomy":"product_cat","embeddable":true,"href":"https:\/\/estoytrabajandoenello.es\/rijaskates\/wp-json\/wp\/v2\/product_cat?post=16851"},{"taxonomy":"product_tag","embeddable":true,"href":"https:\/\/estoytrabajandoenello.es\/rijaskates\/wp-json\/wp\/v2\/product_tag?post=16851"}],"curies":[{"name":"wp","href":"https:\/\/api.w.org\/{rel}","templated":true}]}}