{"id":16852,"date":"2022-03-28T23:46:04","date_gmt":"2022-03-28T21:46:04","guid":{"rendered":"https:\/\/estoytrabajandoenello.es\/rijaskates\/nueva\/bolsa-stella\/"},"modified":"2025-09-18T09:53:31","modified_gmt":"2025-09-18T07:53:31","slug":"bolsa-stella","status":"publish","type":"product","link":"https:\/\/estoytrabajandoenello.es\/rijaskates\/bolsa-stella\/","title":{"rendered":"Bolsa Stella"},"content":{"rendered":"<p>Esta bolsa con forma est\u00e1 dise\u00f1ada para llevar un par de patines pero con el exclusivo dise\u00f1o &#8216;Stella&#8217; en el lateral junto con purpurina para ese elegante toque final.<\/p>\n<p>El poli\u00e9ster de tejido grueso hace que la\u00a0\u00a0<strong>bolsa sea resistente, duradera y lavable<\/strong>\u00a0.<\/p>\n","protected":false},"excerpt":{"rendered":"<p>Esta bolsa con forma est\u00e1 dise\u00f1ada para llevar un par de patines pero con el exclusivo dise\u00f1o &#8216;Stella&#8217; en el lateral junto con purpurina para ese elegante toque final. El poli\u00e9ster de tejido grueso hace que la\u00a0\u00a0bolsa sea resistente, duradera y lavable\u00a0.<\/p>\n","protected":false},"featured_media":11410,"comment_status":"open","ping_status":"closed","template":"","meta":[],"pwb-brand":[544],"product_cat":[83],"product_tag":[],"class_list":{"0":"post-16852","1":"product","2":"type-product","3":"status-publish","4":"has-post-thumbnail","6":"pwb-brand-edea","7":"product_cat-accesorios-patinaje-artistico-sobre-ruedas","9":"first","10":"instock","11":"featured","12":"taxable","13":"shipping-taxable","14":"purchasable","15":"product-type-simple"},"bundled_by":[],"bundle_stock_status":"instock","bundle_stock_quantity":15,"bundle_virtual":false,"bundle_layout":"","bundle_add_to_cart_form_location":"","bundle_editable_in_cart":false,"bundle_sold_individually_context":"","bundle_item_grouping":"","bundle_min_size":"","bundle_max_size":"","bundled_items":[],"bundle_sell_ids":[],"brands":[{"id":544,"name":"EDEA","slug":"edea"}],"_links":{"self":[{"href":"https:\/\/estoytrabajandoenello.es\/rijaskates\/wp-json\/wp\/v2\/product\/16852","targetHints":{"allow":["GET"]}}],"collection":[{"href":"https:\/\/estoytrabajandoenello.es\/rijaskates\/wp-json\/wp\/v2\/product"}],"about":[{"href":"https:\/\/estoytrabajandoenello.es\/rijaskates\/wp-json\/wp\/v2\/types\/product"}],"replies":[{"embeddable":true,"href":"https:\/\/estoytrabajandoenello.es\/rijaskates\/wp-json\/wp\/v2\/comments?post=16852"}],"wp:featuredmedia":[{"embeddable":true,"href":"https:\/\/estoytrabajandoenello.es\/rijaskates\/wp-json\/wp\/v2\/media\/11410"}],"wp:attachment":[{"href":"https:\/\/estoytrabajandoenello.es\/rijaskates\/wp-json\/wp\/v2\/media?parent=16852"}],"wp:term":[{"taxonomy":"pwb-brand","embeddable":true,"href":"https:\/\/estoytrabajandoenello.es\/rijaskates\/wp-json\/wp\/v2\/pwb-brand?post=16852"},{"taxonomy":"product_cat","embeddable":true,"href":"https:\/\/estoytrabajandoenello.es\/rijaskates\/wp-json\/wp\/v2\/product_cat?post=16852"},{"taxonomy":"product_tag","embeddable":true,"href":"https:\/\/estoytrabajandoenello.es\/rijaskates\/wp-json\/wp\/v2\/product_tag?post=16852"}],"curies":[{"name":"wp","href":"https:\/\/api.w.org\/{rel}","templated":true}]}}