{"id":16870,"date":"2022-03-28T23:54:30","date_gmt":"2022-03-28T21:54:30","guid":{"rendered":"https:\/\/estoytrabajandoenello.es\/rijaskates\/nueva\/bolsa-varios-set-ruedas-roll-line\/"},"modified":"2025-09-11T11:31:43","modified_gmt":"2025-09-11T09:31:43","slug":"bolsa-varios-set-ruedas-roll-line","status":"publish","type":"product","link":"https:\/\/estoytrabajandoenello.es\/rijaskates\/bolsa-varios-set-ruedas-roll-line\/","title":{"rendered":"Bolsa Varios Set Ruedas Roll Line"},"content":{"rendered":"<p>Bolsa realmente \u00fatil y pr\u00e1ctica, para llevar siempre contigo de manera c\u00f3moda y ordenada el juego id\u00f3neo de ruedas adecuado para cada tipo de pista.<\/p>\n<p>Bolsa Porta-Ruedas Roll Line de excelente material, con capacidad para llevar hasta 4 juegos de ruedas diferentes.<\/p>\n","protected":false},"excerpt":{"rendered":"<p>Bolsa realmente \u00fatil y pr\u00e1ctica, para llevar siempre contigo de manera c\u00f3moda y ordenada el juego id\u00f3neo de ruedas adecuado para cada tipo de pista. Bolsa Porta-Ruedas Roll Line de excelente material, con capacidad para llevar hasta 4 juegos de ruedas diferentes.<\/p>\n","protected":false},"featured_media":3967,"comment_status":"open","ping_status":"closed","template":"","meta":[],"pwb-brand":[548],"product_cat":[83],"product_tag":[],"class_list":{"0":"post-16870","1":"product","2":"type-product","3":"status-publish","4":"has-post-thumbnail","6":"pwb-brand-roll-line","7":"product_cat-accesorios-patinaje-artistico-sobre-ruedas","9":"first","10":"outofstock","11":"taxable","12":"shipping-taxable","13":"purchasable","14":"product-type-simple"},"bundled_by":[],"bundle_stock_status":"outofstock","bundle_stock_quantity":-1,"bundle_virtual":false,"bundle_layout":"","bundle_add_to_cart_form_location":"","bundle_editable_in_cart":false,"bundle_sold_individually_context":"","bundle_item_grouping":"","bundle_min_size":"","bundle_max_size":"","bundled_items":[],"bundle_sell_ids":[],"brands":[{"id":548,"name":"Roll Line","slug":"roll-line"}],"_links":{"self":[{"href":"https:\/\/estoytrabajandoenello.es\/rijaskates\/wp-json\/wp\/v2\/product\/16870","targetHints":{"allow":["GET"]}}],"collection":[{"href":"https:\/\/estoytrabajandoenello.es\/rijaskates\/wp-json\/wp\/v2\/product"}],"about":[{"href":"https:\/\/estoytrabajandoenello.es\/rijaskates\/wp-json\/wp\/v2\/types\/product"}],"replies":[{"embeddable":true,"href":"https:\/\/estoytrabajandoenello.es\/rijaskates\/wp-json\/wp\/v2\/comments?post=16870"}],"wp:featuredmedia":[{"embeddable":true,"href":"https:\/\/estoytrabajandoenello.es\/rijaskates\/wp-json\/wp\/v2\/media\/3967"}],"wp:attachment":[{"href":"https:\/\/estoytrabajandoenello.es\/rijaskates\/wp-json\/wp\/v2\/media?parent=16870"}],"wp:term":[{"taxonomy":"pwb-brand","embeddable":true,"href":"https:\/\/estoytrabajandoenello.es\/rijaskates\/wp-json\/wp\/v2\/pwb-brand?post=16870"},{"taxonomy":"product_cat","embeddable":true,"href":"https:\/\/estoytrabajandoenello.es\/rijaskates\/wp-json\/wp\/v2\/product_cat?post=16870"},{"taxonomy":"product_tag","embeddable":true,"href":"https:\/\/estoytrabajandoenello.es\/rijaskates\/wp-json\/wp\/v2\/product_tag?post=16870"}],"curies":[{"name":"wp","href":"https:\/\/api.w.org\/{rel}","templated":true}]}}