{"id":16883,"date":"2022-03-28T23:59:55","date_gmt":"2022-03-28T21:59:55","guid":{"rendered":"https:\/\/estoytrabajandoenello.es\/rijaskates\/nueva\/set-rodamientos-qs-ceramicos-7mm\/"},"modified":"2025-09-11T11:31:59","modified_gmt":"2025-09-11T09:31:59","slug":"set-rodamientos-qs-ceramicos-7mm","status":"publish","type":"product","link":"https:\/\/estoytrabajandoenello.es\/rijaskates\/set-rodamientos-qs-ceramicos-7mm\/","title":{"rendered":"Set Rodamientos QS Ceramicos 7 mm"},"content":{"rendered":"<p>Los rodamientos cer\u00e1micos QSkate (para Danza y Show) te proporcionar\u00e1n una sensaci\u00f3n de deslizamiento mucho m\u00e1s fluida. Podr\u00e1s ejecutar tu giros con mayor precisi\u00f3n y notar\u00e1s menor sensaci\u00f3n de cansancio a la hora de trabajar tus rutinas ya que, con menor esfuerzo, rodar\u00e1s distancias mucho m\u00e1s largas y con mayor velocidad.<br \/>\n\u00bfA qu\u00e9 esperas para dar el salto y llevar tu patinaje a otro nivel?<\/p>\n","protected":false},"excerpt":{"rendered":"<p>Los rodamientos cer\u00e1micos QSkate (para Danza y Show) te proporcionar\u00e1n una sensaci\u00f3n de deslizamiento mucho m\u00e1s fluida. Podr\u00e1s ejecutar tu giros con mayor precisi\u00f3n y notar\u00e1s menor sensaci\u00f3n de cansancio a la hora de trabajar tus rutinas ya que, con menor esfuerzo, rodar\u00e1s distancias mucho m\u00e1s largas y con mayor velocidad. \u00bfA qu\u00e9 esperas para [&hellip;]<\/p>\n","protected":false},"featured_media":6662,"comment_status":"open","ping_status":"closed","template":"","meta":[],"pwb-brand":[547],"product_cat":[28],"product_tag":[],"class_list":{"0":"post-16883","1":"product","2":"type-product","3":"status-publish","4":"has-post-thumbnail","6":"pwb-brand-qskate","7":"product_cat-hockey-sobre-patines","9":"first","10":"instock","11":"taxable","12":"shipping-taxable","13":"purchasable","14":"product-type-simple"},"bundled_by":[],"bundle_stock_status":"instock","bundle_stock_quantity":150,"bundle_virtual":false,"bundle_layout":"","bundle_add_to_cart_form_location":"","bundle_editable_in_cart":false,"bundle_sold_individually_context":"","bundle_item_grouping":"","bundle_min_size":"","bundle_max_size":"","bundled_items":[],"bundle_sell_ids":[],"brands":[{"id":547,"name":"QSkate","slug":"qskate"}],"_links":{"self":[{"href":"https:\/\/estoytrabajandoenello.es\/rijaskates\/wp-json\/wp\/v2\/product\/16883","targetHints":{"allow":["GET"]}}],"collection":[{"href":"https:\/\/estoytrabajandoenello.es\/rijaskates\/wp-json\/wp\/v2\/product"}],"about":[{"href":"https:\/\/estoytrabajandoenello.es\/rijaskates\/wp-json\/wp\/v2\/types\/product"}],"replies":[{"embeddable":true,"href":"https:\/\/estoytrabajandoenello.es\/rijaskates\/wp-json\/wp\/v2\/comments?post=16883"}],"wp:featuredmedia":[{"embeddable":true,"href":"https:\/\/estoytrabajandoenello.es\/rijaskates\/wp-json\/wp\/v2\/media\/6662"}],"wp:attachment":[{"href":"https:\/\/estoytrabajandoenello.es\/rijaskates\/wp-json\/wp\/v2\/media?parent=16883"}],"wp:term":[{"taxonomy":"pwb-brand","embeddable":true,"href":"https:\/\/estoytrabajandoenello.es\/rijaskates\/wp-json\/wp\/v2\/pwb-brand?post=16883"},{"taxonomy":"product_cat","embeddable":true,"href":"https:\/\/estoytrabajandoenello.es\/rijaskates\/wp-json\/wp\/v2\/product_cat?post=16883"},{"taxonomy":"product_tag","embeddable":true,"href":"https:\/\/estoytrabajandoenello.es\/rijaskates\/wp-json\/wp\/v2\/product_tag?post=16883"}],"curies":[{"name":"wp","href":"https:\/\/api.w.org\/{rel}","templated":true}]}}