{"id":16894,"date":"2022-03-29T00:04:06","date_gmt":"2022-03-28T22:04:06","guid":{"rendered":"https:\/\/estoytrabajandoenello.es\/rijaskates\/nueva\/set-rodamientos-in-line-8mm\/"},"modified":"2025-09-11T11:32:39","modified_gmt":"2025-09-11T09:32:39","slug":"set-rodamientos-in-line-8mm","status":"publish","type":"product","link":"https:\/\/estoytrabajandoenello.es\/rijaskates\/set-rodamientos-in-line-8mm\/","title":{"rendered":"Set Rodamientos In Line (8mm)"},"content":{"rendered":"<p>Rodamiento r\u00edgido a bolas 608-ZZ seg\u00fan DIN 925-1, de una hilera de bolas, obturado con tapas met\u00e1licas para el cierre. se suministran ya lubricados.<\/p>\n<p>Dimensiones: \u00d88x\u00d822x7mm.<\/p>\n<p>&nbsp;<\/p>\n","protected":false},"excerpt":{"rendered":"<p>Rodamiento r\u00edgido a bolas 608-ZZ seg\u00fan DIN 925-1, de una hilera de bolas, obturado con tapas met\u00e1licas para el cierre. se suministran ya lubricados. Dimensiones: \u00d88x\u00d822x7mm. &nbsp;<\/p>\n","protected":false},"featured_media":7750,"comment_status":"open","ping_status":"closed","template":"","meta":[],"pwb-brand":[547],"product_cat":[28],"product_tag":[],"class_list":{"0":"post-16894","1":"product","2":"type-product","3":"status-publish","4":"has-post-thumbnail","6":"pwb-brand-qskate","7":"product_cat-hockey-sobre-patines","9":"first","10":"instock","11":"taxable","12":"shipping-taxable","13":"purchasable","14":"product-type-simple"},"bundled_by":[],"bundle_stock_status":"instock","bundle_stock_quantity":223,"bundle_virtual":false,"bundle_layout":"","bundle_add_to_cart_form_location":"","bundle_editable_in_cart":false,"bundle_sold_individually_context":"","bundle_item_grouping":"","bundle_min_size":"","bundle_max_size":"","bundled_items":[],"bundle_sell_ids":[],"brands":[{"id":547,"name":"QSkate","slug":"qskate"}],"_links":{"self":[{"href":"https:\/\/estoytrabajandoenello.es\/rijaskates\/wp-json\/wp\/v2\/product\/16894","targetHints":{"allow":["GET"]}}],"collection":[{"href":"https:\/\/estoytrabajandoenello.es\/rijaskates\/wp-json\/wp\/v2\/product"}],"about":[{"href":"https:\/\/estoytrabajandoenello.es\/rijaskates\/wp-json\/wp\/v2\/types\/product"}],"replies":[{"embeddable":true,"href":"https:\/\/estoytrabajandoenello.es\/rijaskates\/wp-json\/wp\/v2\/comments?post=16894"}],"wp:featuredmedia":[{"embeddable":true,"href":"https:\/\/estoytrabajandoenello.es\/rijaskates\/wp-json\/wp\/v2\/media\/7750"}],"wp:attachment":[{"href":"https:\/\/estoytrabajandoenello.es\/rijaskates\/wp-json\/wp\/v2\/media?parent=16894"}],"wp:term":[{"taxonomy":"pwb-brand","embeddable":true,"href":"https:\/\/estoytrabajandoenello.es\/rijaskates\/wp-json\/wp\/v2\/pwb-brand?post=16894"},{"taxonomy":"product_cat","embeddable":true,"href":"https:\/\/estoytrabajandoenello.es\/rijaskates\/wp-json\/wp\/v2\/product_cat?post=16894"},{"taxonomy":"product_tag","embeddable":true,"href":"https:\/\/estoytrabajandoenello.es\/rijaskates\/wp-json\/wp\/v2\/product_tag?post=16894"}],"curies":[{"name":"wp","href":"https:\/\/api.w.org\/{rel}","templated":true}]}}