{"id":17223,"date":"2022-04-08T17:44:58","date_gmt":"2022-04-08T15:44:58","guid":{"rendered":"https:\/\/estoytrabajandoenello.es\/rijaskates\/nueva\/bota-rondo-edea\/"},"modified":"2025-09-11T11:35:29","modified_gmt":"2025-09-11T09:35:29","slug":"bota-rondo-edea","status":"publish","type":"product","link":"https:\/\/estoytrabajandoenello.es\/rijaskates\/bota-rondo-edea\/","title":{"rendered":"Bota Rondo Edea"},"content":{"rendered":"<p>Los patinadores serios necesitan un rendimiento serio y Rond\u00f2 lo tiene.<\/p>\n<p>Ventilado en ambos lados y en la suela para un sistema de enfriamiento activo que bombea aire dentro de la bota para que te sientas m\u00e1s fresco mientras patinas.<\/p>\n<p>Dise\u00f1ado para la estabilidad para que puedas desarrollar tu t\u00e9cnica. Un mejor control y precisi\u00f3n son el resultado de materiales que acortan el tiempo de respuesta.<\/p>\n<p>La forma anat\u00f3mica te apoya y te mantiene en la posici\u00f3n correcta.<br \/>\nLa espuma viscoel\u00e1stica y el forro suave envuelven tus pies. Experimente una nueva comodidad y mant\u00e9ngase por delante de sus competidores.<\/p>\n","protected":false},"excerpt":{"rendered":"<p>Bota Rondo Edea<\/p>\n","protected":false},"featured_media":22495,"comment_status":"open","ping_status":"closed","template":"","meta":[],"pwb-brand":[544],"product_cat":[26],"product_tag":[],"class_list":{"0":"post-17223","1":"product","2":"type-product","3":"status-publish","4":"has-post-thumbnail","6":"pwb-brand-edea","7":"product_cat-patinaje-sobre-hielo","9":"first","10":"instock","11":"taxable","12":"shipping-taxable","13":"purchasable","14":"product-type-variable"},"bundled_by":["21023","21022","21021","21011","21010","21009","21008"],"bundle_stock_status":"instock","bundle_stock_quantity":313,"bundle_virtual":false,"bundle_layout":"","bundle_add_to_cart_form_location":"","bundle_editable_in_cart":false,"bundle_sold_individually_context":"","bundle_item_grouping":"","bundle_min_size":"","bundle_max_size":"","bundled_items":[],"bundle_sell_ids":[],"brands":[{"id":544,"name":"EDEA","slug":"edea"}],"_links":{"self":[{"href":"https:\/\/estoytrabajandoenello.es\/rijaskates\/wp-json\/wp\/v2\/product\/17223","targetHints":{"allow":["GET"]}}],"collection":[{"href":"https:\/\/estoytrabajandoenello.es\/rijaskates\/wp-json\/wp\/v2\/product"}],"about":[{"href":"https:\/\/estoytrabajandoenello.es\/rijaskates\/wp-json\/wp\/v2\/types\/product"}],"replies":[{"embeddable":true,"href":"https:\/\/estoytrabajandoenello.es\/rijaskates\/wp-json\/wp\/v2\/comments?post=17223"}],"wp:featuredmedia":[{"embeddable":true,"href":"https:\/\/estoytrabajandoenello.es\/rijaskates\/wp-json\/wp\/v2\/media\/22495"}],"wp:attachment":[{"href":"https:\/\/estoytrabajandoenello.es\/rijaskates\/wp-json\/wp\/v2\/media?parent=17223"}],"wp:term":[{"taxonomy":"pwb-brand","embeddable":true,"href":"https:\/\/estoytrabajandoenello.es\/rijaskates\/wp-json\/wp\/v2\/pwb-brand?post=17223"},{"taxonomy":"product_cat","embeddable":true,"href":"https:\/\/estoytrabajandoenello.es\/rijaskates\/wp-json\/wp\/v2\/product_cat?post=17223"},{"taxonomy":"product_tag","embeddable":true,"href":"https:\/\/estoytrabajandoenello.es\/rijaskates\/wp-json\/wp\/v2\/product_tag?post=17223"}],"curies":[{"name":"wp","href":"https:\/\/api.w.org\/{rel}","templated":true}]}}