{"id":17272,"date":"2022-04-08T18:41:35","date_gmt":"2022-04-08T16:41:35","guid":{"rendered":"https:\/\/estoytrabajandoenello.es\/rijaskates\/nueva\/bota-esordio-edea-2\/"},"modified":"2025-09-11T11:35:30","modified_gmt":"2025-09-11T09:35:30","slug":"bota-esordio-edea-2","status":"publish","type":"product","link":"https:\/\/estoytrabajandoenello.es\/rijaskates\/bota-esordio-edea-2\/","title":{"rendered":"Bota Esordio Edea"},"content":{"rendered":"<p>Una bota para principiantes hecha con los conocimientos t\u00e9cnicos de Edea significa el debut perfecto para todos los aspirantes a patinadores.<\/p>\n<p>Incluso en nuestra bota para principiantes tenemos un sistema de refrigeraci\u00f3n. Ventilado por debajo y por los lados, as\u00ed que cuanto m\u00e1s r\u00e1pido patines, m\u00e1s fresco te sentir\u00e1s.<\/p>\n<p>El soporte adicional para el tobillo y un centro de gravedad m\u00e1s bajo le brindan la plataforma para aprender las t\u00e9cnicas correctas. Consigue tu quilibrio.<\/p>\n<p>Leng\u00fceta flexible y forro acolchado para mayor comodidad. Siente la diferencia cuando patinas.<\/p>\n<p>Las l\u00edneas cl\u00e1sicas y el color marfil le dan elegancia. Una leng\u00fceta brillante y un cristal aseguran que permanezcas en el centro de atenci\u00f3n.<\/p>\n","protected":false},"excerpt":{"rendered":"<p>Bota Esordio Edea.<\/p>\n","protected":false},"featured_media":22487,"comment_status":"open","ping_status":"closed","template":"","meta":[],"pwb-brand":[544],"product_cat":[26],"product_tag":[],"class_list":{"0":"post-17272","1":"product","2":"type-product","3":"status-publish","4":"has-post-thumbnail","6":"pwb-brand-edea","7":"product_cat-patinaje-sobre-hielo","9":"first","10":"instock","11":"taxable","12":"shipping-taxable","13":"purchasable","14":"product-type-variable"},"bundled_by":["19970","20489","20487","21020","21019","21018","21007","21006"],"bundle_stock_status":"instock","bundle_stock_quantity":1210,"bundle_virtual":false,"bundle_layout":"","bundle_add_to_cart_form_location":"","bundle_editable_in_cart":false,"bundle_sold_individually_context":"","bundle_item_grouping":"","bundle_min_size":"","bundle_max_size":"","bundled_items":[],"bundle_sell_ids":[],"brands":[{"id":544,"name":"EDEA","slug":"edea"}],"_links":{"self":[{"href":"https:\/\/estoytrabajandoenello.es\/rijaskates\/wp-json\/wp\/v2\/product\/17272","targetHints":{"allow":["GET"]}}],"collection":[{"href":"https:\/\/estoytrabajandoenello.es\/rijaskates\/wp-json\/wp\/v2\/product"}],"about":[{"href":"https:\/\/estoytrabajandoenello.es\/rijaskates\/wp-json\/wp\/v2\/types\/product"}],"replies":[{"embeddable":true,"href":"https:\/\/estoytrabajandoenello.es\/rijaskates\/wp-json\/wp\/v2\/comments?post=17272"}],"wp:featuredmedia":[{"embeddable":true,"href":"https:\/\/estoytrabajandoenello.es\/rijaskates\/wp-json\/wp\/v2\/media\/22487"}],"wp:attachment":[{"href":"https:\/\/estoytrabajandoenello.es\/rijaskates\/wp-json\/wp\/v2\/media?parent=17272"}],"wp:term":[{"taxonomy":"pwb-brand","embeddable":true,"href":"https:\/\/estoytrabajandoenello.es\/rijaskates\/wp-json\/wp\/v2\/pwb-brand?post=17272"},{"taxonomy":"product_cat","embeddable":true,"href":"https:\/\/estoytrabajandoenello.es\/rijaskates\/wp-json\/wp\/v2\/product_cat?post=17272"},{"taxonomy":"product_tag","embeddable":true,"href":"https:\/\/estoytrabajandoenello.es\/rijaskates\/wp-json\/wp\/v2\/product_tag?post=17272"}],"curies":[{"name":"wp","href":"https:\/\/api.w.org\/{rel}","templated":true}]}}