{"id":17291,"date":"2022-04-08T19:05:09","date_gmt":"2022-04-08T17:05:09","guid":{"rendered":"https:\/\/estoytrabajandoenello.es\/rijaskates\/nueva\/bota-flamenco-edea\/"},"modified":"2025-09-11T11:35:30","modified_gmt":"2025-09-11T09:35:30","slug":"bota-flamenco-edea","status":"publish","type":"product","link":"https:\/\/estoytrabajandoenello.es\/rijaskates\/bota-flamenco-edea\/","title":{"rendered":"Bota Flamenco Edea"},"content":{"rendered":"<p>Para bailarines que bailan con algo m\u00e1s que m\u00fasica. El flamenco utiliza tu energ\u00eda para que puedas expresarte.<\/p>\n<p>Un perfil trasero m\u00e1s bajo para una m\u00e1xima expresi\u00f3n. M\u00e1s acolchado significa que puedes llevarlo m\u00e1s lejos, la comodidad extra te permitir\u00e1 patinar por m\u00e1s tiempo.<\/p>\n<p>Deslizate con una precisi\u00f3n que exprese tu energ\u00eda. La posici\u00f3n del pie est\u00e1 alineada para un mayor control y se mantiene en el bolsillo del tal\u00f3n para una mayor transmisi\u00f3n de potencia.<\/p>\n<p>Los movimientos de tus pies crean un sistema de enfriamiento activo. Tu energ\u00eda te mantiene fresco mientras 178 hoyos bombean aire fresco a tus pies. Patina r\u00e1pido, si\u00e9ntete genial.<\/p>\n<p>&nbsp;<\/p>\n","protected":false},"excerpt":{"rendered":"<p>Bota Flamenco Edea<\/p>\n","protected":false},"featured_media":22489,"comment_status":"open","ping_status":"closed","template":"","meta":[],"pwb-brand":[544],"product_cat":[26],"product_tag":[],"class_list":{"0":"post-17291","1":"product","2":"type-product","3":"status-publish","4":"has-post-thumbnail","6":"pwb-brand-edea","7":"product_cat-patinaje-sobre-hielo","9":"first","10":"instock","11":"taxable","12":"shipping-taxable","13":"purchasable","14":"product-type-variable"},"bundled_by":["21032","21031"],"bundle_stock_status":"instock","bundle_stock_quantity":113,"bundle_virtual":false,"bundle_layout":"","bundle_add_to_cart_form_location":"","bundle_editable_in_cart":false,"bundle_sold_individually_context":"","bundle_item_grouping":"","bundle_min_size":"","bundle_max_size":"","bundled_items":[],"bundle_sell_ids":[],"brands":[{"id":544,"name":"EDEA","slug":"edea"}],"_links":{"self":[{"href":"https:\/\/estoytrabajandoenello.es\/rijaskates\/wp-json\/wp\/v2\/product\/17291","targetHints":{"allow":["GET"]}}],"collection":[{"href":"https:\/\/estoytrabajandoenello.es\/rijaskates\/wp-json\/wp\/v2\/product"}],"about":[{"href":"https:\/\/estoytrabajandoenello.es\/rijaskates\/wp-json\/wp\/v2\/types\/product"}],"replies":[{"embeddable":true,"href":"https:\/\/estoytrabajandoenello.es\/rijaskates\/wp-json\/wp\/v2\/comments?post=17291"}],"wp:featuredmedia":[{"embeddable":true,"href":"https:\/\/estoytrabajandoenello.es\/rijaskates\/wp-json\/wp\/v2\/media\/22489"}],"wp:attachment":[{"href":"https:\/\/estoytrabajandoenello.es\/rijaskates\/wp-json\/wp\/v2\/media?parent=17291"}],"wp:term":[{"taxonomy":"pwb-brand","embeddable":true,"href":"https:\/\/estoytrabajandoenello.es\/rijaskates\/wp-json\/wp\/v2\/pwb-brand?post=17291"},{"taxonomy":"product_cat","embeddable":true,"href":"https:\/\/estoytrabajandoenello.es\/rijaskates\/wp-json\/wp\/v2\/product_cat?post=17291"},{"taxonomy":"product_tag","embeddable":true,"href":"https:\/\/estoytrabajandoenello.es\/rijaskates\/wp-json\/wp\/v2\/product_tag?post=17291"}],"curies":[{"name":"wp","href":"https:\/\/api.w.org\/{rel}","templated":true}]}}