{"id":17328,"date":"2022-04-24T10:37:15","date_gmt":"2022-04-24T08:37:15","guid":{"rendered":"https:\/\/estoytrabajandoenello.es\/rijaskates\/nueva\/bota-classica-edea\/"},"modified":"2025-09-11T11:35:29","modified_gmt":"2025-09-11T09:35:29","slug":"bota-classica-edea","status":"publish","type":"product","link":"https:\/\/estoytrabajandoenello.es\/rijaskates\/bota-classica-edea\/","title":{"rendered":"Bota Classica Edea"},"content":{"rendered":"<p>Classica est\u00e1 dise\u00f1ado para la danza. La flexibilidad te da la libertad de expresarte.<br \/>\nEl dise\u00f1o y los materiales innovadores le brindan la precisi\u00f3n que necesita.<\/p>\n<p>Un perfil trasero m\u00e1s bajo te permite crear la l\u00ednea perfecta. La simetr\u00eda del rendimiento con la comodidad del borde Air-Tech acolchado.<\/p>\n<p>Dise\u00f1ado para deslizar con precisi\u00f3n.<br \/>\nEl bloqueo anat\u00f3mico del tal\u00f3n te mantiene alineado, la leng\u00fceta y la bota te brindan flexibilidad y la suela delgada hecha de materiales innovadores acorta el tiempo de reacci\u00f3n. El \u00faltimo control para el m\u00e1ximo equilibrio.<\/p>\n<p>La suela perforada deja entrar aire fresco mientras que el forro Air Tech te mantiene seco.<\/p>\n<p>&nbsp;<\/p>\n","protected":false},"excerpt":{"rendered":"<p>Bota Classica Edea<\/p>\n","protected":false},"featured_media":22485,"comment_status":"open","ping_status":"closed","template":"","meta":[],"pwb-brand":[544],"product_cat":[26],"product_tag":[],"class_list":{"0":"post-17328","1":"product","2":"type-product","3":"status-publish","4":"has-post-thumbnail","6":"pwb-brand-edea","7":"product_cat-patinaje-sobre-hielo","9":"first","10":"instock","11":"taxable","12":"shipping-taxable","13":"purchasable","14":"product-type-variable"},"bundled_by":["20552","21720"],"bundle_stock_status":"instock","bundle_stock_quantity":81,"bundle_virtual":false,"bundle_layout":"","bundle_add_to_cart_form_location":"","bundle_editable_in_cart":false,"bundle_sold_individually_context":"","bundle_item_grouping":"","bundle_min_size":"","bundle_max_size":"","bundled_items":[],"bundle_sell_ids":[],"brands":[{"id":544,"name":"EDEA","slug":"edea"}],"_links":{"self":[{"href":"https:\/\/estoytrabajandoenello.es\/rijaskates\/wp-json\/wp\/v2\/product\/17328","targetHints":{"allow":["GET"]}}],"collection":[{"href":"https:\/\/estoytrabajandoenello.es\/rijaskates\/wp-json\/wp\/v2\/product"}],"about":[{"href":"https:\/\/estoytrabajandoenello.es\/rijaskates\/wp-json\/wp\/v2\/types\/product"}],"replies":[{"embeddable":true,"href":"https:\/\/estoytrabajandoenello.es\/rijaskates\/wp-json\/wp\/v2\/comments?post=17328"}],"wp:featuredmedia":[{"embeddable":true,"href":"https:\/\/estoytrabajandoenello.es\/rijaskates\/wp-json\/wp\/v2\/media\/22485"}],"wp:attachment":[{"href":"https:\/\/estoytrabajandoenello.es\/rijaskates\/wp-json\/wp\/v2\/media?parent=17328"}],"wp:term":[{"taxonomy":"pwb-brand","embeddable":true,"href":"https:\/\/estoytrabajandoenello.es\/rijaskates\/wp-json\/wp\/v2\/pwb-brand?post=17328"},{"taxonomy":"product_cat","embeddable":true,"href":"https:\/\/estoytrabajandoenello.es\/rijaskates\/wp-json\/wp\/v2\/product_cat?post=17328"},{"taxonomy":"product_tag","embeddable":true,"href":"https:\/\/estoytrabajandoenello.es\/rijaskates\/wp-json\/wp\/v2\/product_tag?post=17328"}],"curies":[{"name":"wp","href":"https:\/\/api.w.org\/{rel}","templated":true}]}}