{"id":17365,"date":"2022-04-24T11:49:25","date_gmt":"2022-04-24T09:49:25","guid":{"rendered":"https:\/\/estoytrabajandoenello.es\/rijaskates\/nueva\/bota-piano-edea\/"},"modified":"2025-09-11T11:35:29","modified_gmt":"2025-09-11T09:35:29","slug":"bota-piano-edea","status":"publish","type":"product","link":"https:\/\/estoytrabajandoenello.es\/rijaskates\/bota-piano-edea\/","title":{"rendered":"Bota Piano Edea"},"content":{"rendered":"<p>La Piano es m\u00e1s que una bota. Piano es m\u00e1s que los mejores materiales y la \u00faltima tecnolog\u00eda.\u00a0 Da un paso hacia el futuro.<\/p>\n<p>Edea Anti-Shock te brinda lo \u00faltimo en sensaci\u00f3n. Las energ\u00edas negativas se absorben, brind\u00e1ndole un mejor apoyo. El deslizamiento m\u00e1s suave garantiza transiciones y despegues m\u00e1s r\u00e1pidos. La energ\u00eda ahorrada significa que puedes entrenar m\u00e1s tiempo y m\u00e1s duro. Siente m\u00e1s y expr\u00e9sate.<\/p>\n<p>Innovaci\u00f3n significa velocidad, tiempo de emisi\u00f3n y sensaci\u00f3n. La carcasa \u00fanica y la suela m\u00e1s delgada mejoran la transmisi\u00f3n de potencia, acortando el tiempo de reacci\u00f3n y aumentando el control. Un centro de gravedad m\u00e1s bajo aumenta la estabilidad. Siente el poder, patina los bordes.<\/p>\n<p>Rendimiento sin dolor. La estructura anat\u00f3mica trabaja con tu cuerpo. El bloqueo ergon\u00f3mico del tal\u00f3n optimiza la posici\u00f3n del pie y la espuma viscoel\u00e1stica se mantiene sin presi\u00f3n. La carcasa termoformable se puede moldear en la tienda para un ajuste perfecto.<\/p>\n<p>Dise\u00f1ado para trabajar con tu cuerpo utilizando los \u00faltimos materiales, Piano se ajusta r\u00e1pidamente a ti. Obtenga m\u00e1s tiempo para entrenar con nuestro tiempo de adaptaci\u00f3n m\u00e1s corto. El forro Air Tech microperforado tambi\u00e9n significa que nuestras botas se secan m\u00e1s r\u00e1pido. manteni\u00e9ndolos a ambos m\u00e1s frescos para su pr\u00f3xima sesi\u00f3n.<\/p>\n","protected":false},"excerpt":{"rendered":"<p>Bota Piano Edea<\/p>\n","protected":false},"featured_media":2401,"comment_status":"open","ping_status":"closed","template":"","meta":[],"pwb-brand":[544],"product_cat":[26],"product_tag":[],"class_list":{"0":"post-17365","1":"product","2":"type-product","3":"status-publish","4":"has-post-thumbnail","6":"pwb-brand-edea","7":"product_cat-patinaje-sobre-hielo","9":"first","10":"instock","11":"taxable","12":"shipping-taxable","13":"purchasable","14":"product-type-variable"},"bundled_by":[],"bundle_stock_status":"instock","bundle_stock_quantity":4,"bundle_virtual":false,"bundle_layout":"","bundle_add_to_cart_form_location":"","bundle_editable_in_cart":false,"bundle_sold_individually_context":"","bundle_item_grouping":"","bundle_min_size":"","bundle_max_size":"","bundled_items":[],"bundle_sell_ids":[],"brands":[{"id":544,"name":"EDEA","slug":"edea"}],"_links":{"self":[{"href":"https:\/\/estoytrabajandoenello.es\/rijaskates\/wp-json\/wp\/v2\/product\/17365","targetHints":{"allow":["GET"]}}],"collection":[{"href":"https:\/\/estoytrabajandoenello.es\/rijaskates\/wp-json\/wp\/v2\/product"}],"about":[{"href":"https:\/\/estoytrabajandoenello.es\/rijaskates\/wp-json\/wp\/v2\/types\/product"}],"replies":[{"embeddable":true,"href":"https:\/\/estoytrabajandoenello.es\/rijaskates\/wp-json\/wp\/v2\/comments?post=17365"}],"wp:featuredmedia":[{"embeddable":true,"href":"https:\/\/estoytrabajandoenello.es\/rijaskates\/wp-json\/wp\/v2\/media\/2401"}],"wp:attachment":[{"href":"https:\/\/estoytrabajandoenello.es\/rijaskates\/wp-json\/wp\/v2\/media?parent=17365"}],"wp:term":[{"taxonomy":"pwb-brand","embeddable":true,"href":"https:\/\/estoytrabajandoenello.es\/rijaskates\/wp-json\/wp\/v2\/pwb-brand?post=17365"},{"taxonomy":"product_cat","embeddable":true,"href":"https:\/\/estoytrabajandoenello.es\/rijaskates\/wp-json\/wp\/v2\/product_cat?post=17365"},{"taxonomy":"product_tag","embeddable":true,"href":"https:\/\/estoytrabajandoenello.es\/rijaskates\/wp-json\/wp\/v2\/product_tag?post=17365"}],"curies":[{"name":"wp","href":"https:\/\/api.w.org\/{rel}","templated":true}]}}