{"id":17402,"date":"2022-04-24T12:44:11","date_gmt":"2022-04-24T10:44:11","guid":{"rendered":"https:\/\/estoytrabajandoenello.es\/rijaskates\/nueva\/bota-ice-fly-edea\/"},"modified":"2025-09-11T11:31:30","modified_gmt":"2025-09-11T09:31:30","slug":"bota-ice-fly-edea","status":"publish","type":"product","link":"https:\/\/estoytrabajandoenello.es\/rijaskates\/bota-ice-fly-edea\/","title":{"rendered":"Bota Ice Fly Edea"},"content":{"rendered":"<p>Ice Fly est\u00e1 dise\u00f1ado para brindarte lo \u00faltimo en control. La sensaci\u00f3n mejorada proviene de la cubierta innovadora y la suela m\u00e1s delgada.<\/p>\n<p>Rendimiento con el m\u00e1ximo confort. Dise\u00f1ado anat\u00f3micamente para trabajar contigo. El bolsillo del tal\u00f3n ergon\u00f3mico mantiene el pie alineado mientras que la espuma viscoel\u00e1stica se mantiene sin presi\u00f3n. La carcasa termoformable se puede personalizar en la tienda. Perfecci\u00f3n en tus pies.<\/p>\n<p>El forro Air Tech microperforado hace que nuestras botas se sequen m\u00e1s r\u00e1pido, manteni\u00e9ndolos a ambos m\u00e1s frescos para su pr\u00f3xima sesi\u00f3n.<\/p>\n<p>La exclusiva suela doble de Edea reduce las vibraciones que se generan y te brinda un deslizamiento m\u00e1s suave, conect\u00e1ndote con el hielo.<\/p>\n","protected":false},"excerpt":{"rendered":"<p>Bota Ice Fly Edea<\/p>\n","protected":false},"featured_media":2234,"comment_status":"open","ping_status":"closed","template":"","meta":[],"pwb-brand":[544],"product_cat":[26],"product_tag":[],"class_list":{"0":"post-17402","1":"product","2":"type-product","3":"status-publish","4":"has-post-thumbnail","6":"pwb-brand-edea","7":"product_cat-patinaje-sobre-hielo","9":"first","10":"instock","11":"taxable","12":"shipping-taxable","13":"purchasable","14":"product-type-variable"},"bundled_by":[],"bundle_stock_status":"instock","bundle_stock_quantity":41,"bundle_virtual":false,"bundle_layout":"","bundle_add_to_cart_form_location":"","bundle_editable_in_cart":false,"bundle_sold_individually_context":"","bundle_item_grouping":"","bundle_min_size":"","bundle_max_size":"","bundled_items":[],"bundle_sell_ids":[],"brands":[{"id":544,"name":"EDEA","slug":"edea"}],"_links":{"self":[{"href":"https:\/\/estoytrabajandoenello.es\/rijaskates\/wp-json\/wp\/v2\/product\/17402","targetHints":{"allow":["GET"]}}],"collection":[{"href":"https:\/\/estoytrabajandoenello.es\/rijaskates\/wp-json\/wp\/v2\/product"}],"about":[{"href":"https:\/\/estoytrabajandoenello.es\/rijaskates\/wp-json\/wp\/v2\/types\/product"}],"replies":[{"embeddable":true,"href":"https:\/\/estoytrabajandoenello.es\/rijaskates\/wp-json\/wp\/v2\/comments?post=17402"}],"wp:featuredmedia":[{"embeddable":true,"href":"https:\/\/estoytrabajandoenello.es\/rijaskates\/wp-json\/wp\/v2\/media\/2234"}],"wp:attachment":[{"href":"https:\/\/estoytrabajandoenello.es\/rijaskates\/wp-json\/wp\/v2\/media?parent=17402"}],"wp:term":[{"taxonomy":"pwb-brand","embeddable":true,"href":"https:\/\/estoytrabajandoenello.es\/rijaskates\/wp-json\/wp\/v2\/pwb-brand?post=17402"},{"taxonomy":"product_cat","embeddable":true,"href":"https:\/\/estoytrabajandoenello.es\/rijaskates\/wp-json\/wp\/v2\/product_cat?post=17402"},{"taxonomy":"product_tag","embeddable":true,"href":"https:\/\/estoytrabajandoenello.es\/rijaskates\/wp-json\/wp\/v2\/product_tag?post=17402"}],"curies":[{"name":"wp","href":"https:\/\/api.w.org\/{rel}","templated":true}]}}