{"id":17439,"date":"2022-04-24T14:31:43","date_gmt":"2022-04-24T12:31:43","guid":{"rendered":"https:\/\/estoytrabajandoenello.es\/rijaskates\/nueva\/bota-concerto-edea\/"},"modified":"2025-09-11T11:31:30","modified_gmt":"2025-09-11T09:31:30","slug":"bota-concerto-edea","status":"publish","type":"product","link":"https:\/\/estoytrabajandoenello.es\/rijaskates\/bota-concerto-edea\/","title":{"rendered":"Bota Concerto Edea"},"content":{"rendered":"<p>Concerto, un look cl\u00e1sico con soporte superior para patinadores que necesitan m\u00e1s.<\/p>\n<p>El aspecto tradicional desmiente la innovaci\u00f3n que hace que esta bota sea fuerte y receptiva, poni\u00e9ndote en contacto directo con el hielo. La suela m\u00e1s delgada lo conecta a\u00fan m\u00e1s, ya que el tiempo de reacci\u00f3n reducido le brinda precisi\u00f3n, control y sensaci\u00f3n.<\/p>\n<p>Dise\u00f1ado con la respuesta directa para aquellos que necesitan sentir, Concerto tambi\u00e9n tiene una forma ergon\u00f3mica para trabajar contigo. El cuello suave aumenta el rango de movimiento y el soporte acolchado sin presi\u00f3n.<\/p>\n<p>El dise\u00f1o anat\u00f3mico, la estructura avanzada y la leng\u00fceta flexible se adaptan inmediatamente a tus pies. La espuma viscoel\u00e1stica a\u00f1ade el toque final. No te pierdas ni un minuto de entrenamiento.<\/p>\n<p>La exclusiva suela doble de Edea reduce el ruido del hielo y te brinda un deslizamiento m\u00e1s suave, conect\u00e1ndote con el hielo.<\/p>\n","protected":false},"excerpt":{"rendered":"<p>Bota Concerto Edea<\/p>\n","protected":false},"featured_media":2067,"comment_status":"open","ping_status":"closed","template":"","meta":[],"pwb-brand":[544],"product_cat":[26],"product_tag":[],"class_list":{"0":"post-17439","1":"product","2":"type-product","3":"status-publish","4":"has-post-thumbnail","6":"pwb-brand-edea","7":"product_cat-patinaje-sobre-hielo","9":"first","10":"instock","11":"taxable","12":"shipping-taxable","13":"purchasable","14":"product-type-variable"},"bundled_by":[],"bundle_stock_status":"instock","bundle_stock_quantity":62,"bundle_virtual":false,"bundle_layout":"","bundle_add_to_cart_form_location":"","bundle_editable_in_cart":false,"bundle_sold_individually_context":"","bundle_item_grouping":"","bundle_min_size":"","bundle_max_size":"","bundled_items":[],"bundle_sell_ids":[],"brands":[{"id":544,"name":"EDEA","slug":"edea"}],"_links":{"self":[{"href":"https:\/\/estoytrabajandoenello.es\/rijaskates\/wp-json\/wp\/v2\/product\/17439","targetHints":{"allow":["GET"]}}],"collection":[{"href":"https:\/\/estoytrabajandoenello.es\/rijaskates\/wp-json\/wp\/v2\/product"}],"about":[{"href":"https:\/\/estoytrabajandoenello.es\/rijaskates\/wp-json\/wp\/v2\/types\/product"}],"replies":[{"embeddable":true,"href":"https:\/\/estoytrabajandoenello.es\/rijaskates\/wp-json\/wp\/v2\/comments?post=17439"}],"wp:featuredmedia":[{"embeddable":true,"href":"https:\/\/estoytrabajandoenello.es\/rijaskates\/wp-json\/wp\/v2\/media\/2067"}],"wp:attachment":[{"href":"https:\/\/estoytrabajandoenello.es\/rijaskates\/wp-json\/wp\/v2\/media?parent=17439"}],"wp:term":[{"taxonomy":"pwb-brand","embeddable":true,"href":"https:\/\/estoytrabajandoenello.es\/rijaskates\/wp-json\/wp\/v2\/pwb-brand?post=17439"},{"taxonomy":"product_cat","embeddable":true,"href":"https:\/\/estoytrabajandoenello.es\/rijaskates\/wp-json\/wp\/v2\/product_cat?post=17439"},{"taxonomy":"product_tag","embeddable":true,"href":"https:\/\/estoytrabajandoenello.es\/rijaskates\/wp-json\/wp\/v2\/product_tag?post=17439"}],"curies":[{"name":"wp","href":"https:\/\/api.w.org\/{rel}","templated":true}]}}