{"id":17476,"date":"2022-04-24T15:20:33","date_gmt":"2022-04-24T13:20:33","guid":{"rendered":"https:\/\/estoytrabajandoenello.es\/rijaskates\/nueva\/bota-chorus-edea\/"},"modified":"2025-09-11T11:35:28","modified_gmt":"2025-09-11T09:35:28","slug":"bota-chorus-edea","status":"publish","type":"product","link":"https:\/\/estoytrabajandoenello.es\/rijaskates\/bota-chorus-edea\/","title":{"rendered":"Bota Chorus Edea"},"content":{"rendered":"<p>Con la tecnolog\u00eda de Piano y Ice Fly pero con el apoyo a los patinadores que est\u00e1n desarrollando sus habilidades. La suela m\u00e1s delgada baja el centro de gravedad aumentando la estabilidad. El caparaz\u00f3n est\u00e1 dise\u00f1ado para brindar soporte y se combinan para brindar un mejor control.<br \/>\nLa espuma viscoel\u00e1stica sujeta el pie sin presi\u00f3n, el cuello suave aumenta el rango de movimiento y la forma ergon\u00f3mica trabaja contigo. Como todos los mejores patines de Edea, este se puede personalizar al instante en la tienda. Rendimiento con el m\u00e1ximo confort.<br \/>\nTus pies se sentir\u00e1n como en casa sobre el hielo, para que no te pierdas ni una sesi\u00f3n de entrenamiento.<\/p>\n","protected":false},"excerpt":{"rendered":"<p>Bota Chorus Edea<\/p>\n","protected":false},"featured_media":1900,"comment_status":"open","ping_status":"closed","template":"","meta":[],"pwb-brand":[544],"product_cat":[26],"product_tag":[],"class_list":{"0":"post-17476","1":"product","2":"type-product","3":"status-publish","4":"has-post-thumbnail","6":"pwb-brand-edea","7":"product_cat-patinaje-sobre-hielo","9":"first","10":"instock","11":"taxable","12":"shipping-taxable","13":"purchasable","14":"product-type-variable"},"bundled_by":[],"bundle_stock_status":"instock","bundle_stock_quantity":82,"bundle_virtual":false,"bundle_layout":"","bundle_add_to_cart_form_location":"","bundle_editable_in_cart":false,"bundle_sold_individually_context":"","bundle_item_grouping":"","bundle_min_size":"","bundle_max_size":"","bundled_items":[],"bundle_sell_ids":[],"brands":[{"id":544,"name":"EDEA","slug":"edea"}],"_links":{"self":[{"href":"https:\/\/estoytrabajandoenello.es\/rijaskates\/wp-json\/wp\/v2\/product\/17476","targetHints":{"allow":["GET"]}}],"collection":[{"href":"https:\/\/estoytrabajandoenello.es\/rijaskates\/wp-json\/wp\/v2\/product"}],"about":[{"href":"https:\/\/estoytrabajandoenello.es\/rijaskates\/wp-json\/wp\/v2\/types\/product"}],"replies":[{"embeddable":true,"href":"https:\/\/estoytrabajandoenello.es\/rijaskates\/wp-json\/wp\/v2\/comments?post=17476"}],"wp:featuredmedia":[{"embeddable":true,"href":"https:\/\/estoytrabajandoenello.es\/rijaskates\/wp-json\/wp\/v2\/media\/1900"}],"wp:attachment":[{"href":"https:\/\/estoytrabajandoenello.es\/rijaskates\/wp-json\/wp\/v2\/media?parent=17476"}],"wp:term":[{"taxonomy":"pwb-brand","embeddable":true,"href":"https:\/\/estoytrabajandoenello.es\/rijaskates\/wp-json\/wp\/v2\/pwb-brand?post=17476"},{"taxonomy":"product_cat","embeddable":true,"href":"https:\/\/estoytrabajandoenello.es\/rijaskates\/wp-json\/wp\/v2\/product_cat?post=17476"},{"taxonomy":"product_tag","embeddable":true,"href":"https:\/\/estoytrabajandoenello.es\/rijaskates\/wp-json\/wp\/v2\/product_tag?post=17476"}],"curies":[{"name":"wp","href":"https:\/\/api.w.org\/{rel}","templated":true}]}}