{"id":17624,"date":"2022-04-24T23:09:57","date_gmt":"2022-04-24T21:09:57","guid":{"rendered":"https:\/\/estoytrabajandoenello.es\/rijaskates\/nueva\/bota-tempo-edea\/"},"modified":"2025-09-11T11:31:30","modified_gmt":"2025-09-11T09:31:30","slug":"bota-tempo-edea","status":"publish","type":"product","link":"https:\/\/estoytrabajandoenello.es\/rijaskates\/bota-tempo-edea\/","title":{"rendered":"Bota Tempo Edea"},"content":{"rendered":"<p>Utilizando la experiencia adquirida en el dise\u00f1o de patines de hielo, Edea ha creado Tempo para dar una ventaja inicial a los nuevos patinadores. La suela m\u00e1s delgada baja el centro de gravedad aumentando la estabilidad y el control, mientras que la cubierta ergon\u00f3mica agrega comodidad y apoyo.<\/p>\n<p>360\u00b0 de acolchado suave, leng\u00fceta flexible y forro acolchado para mayor comodidad. Siente la diferencia a medida que desarrollas tu t\u00e9cnica perfecta.<br \/>\nLazada m\u00e1s f\u00e1cil con el sistema de cuatro ganchos que tambi\u00e9n sujeta mejor el pie. Mayor control para un aprendizaje m\u00e1s r\u00e1pido.<br \/>\nDise\u00f1ado con un tiempo de adaptaci\u00f3n m\u00e1s corto, te adaptaras a ellas enseguida.<\/p>\n","protected":false},"excerpt":{"rendered":"<p>Bota Tempo Edea<\/p>\n","protected":false},"featured_media":18518,"comment_status":"open","ping_status":"closed","template":"","meta":[],"pwb-brand":[544],"product_cat":[26],"product_tag":[],"class_list":{"0":"post-17624","1":"product","2":"type-product","3":"status-publish","4":"has-post-thumbnail","6":"pwb-brand-edea","7":"product_cat-patinaje-sobre-hielo","9":"first","10":"instock","11":"taxable","12":"shipping-taxable","13":"purchasable","14":"product-type-variable"},"bundled_by":[],"bundle_stock_status":"instock","bundle_stock_quantity":142,"bundle_virtual":false,"bundle_layout":"","bundle_add_to_cart_form_location":"","bundle_editable_in_cart":false,"bundle_sold_individually_context":"","bundle_item_grouping":"","bundle_min_size":"","bundle_max_size":"","bundled_items":[],"bundle_sell_ids":[],"brands":[{"id":544,"name":"EDEA","slug":"edea"}],"_links":{"self":[{"href":"https:\/\/estoytrabajandoenello.es\/rijaskates\/wp-json\/wp\/v2\/product\/17624","targetHints":{"allow":["GET"]}}],"collection":[{"href":"https:\/\/estoytrabajandoenello.es\/rijaskates\/wp-json\/wp\/v2\/product"}],"about":[{"href":"https:\/\/estoytrabajandoenello.es\/rijaskates\/wp-json\/wp\/v2\/types\/product"}],"replies":[{"embeddable":true,"href":"https:\/\/estoytrabajandoenello.es\/rijaskates\/wp-json\/wp\/v2\/comments?post=17624"}],"wp:featuredmedia":[{"embeddable":true,"href":"https:\/\/estoytrabajandoenello.es\/rijaskates\/wp-json\/wp\/v2\/media\/18518"}],"wp:attachment":[{"href":"https:\/\/estoytrabajandoenello.es\/rijaskates\/wp-json\/wp\/v2\/media?parent=17624"}],"wp:term":[{"taxonomy":"pwb-brand","embeddable":true,"href":"https:\/\/estoytrabajandoenello.es\/rijaskates\/wp-json\/wp\/v2\/pwb-brand?post=17624"},{"taxonomy":"product_cat","embeddable":true,"href":"https:\/\/estoytrabajandoenello.es\/rijaskates\/wp-json\/wp\/v2\/product_cat?post=17624"},{"taxonomy":"product_tag","embeddable":true,"href":"https:\/\/estoytrabajandoenello.es\/rijaskates\/wp-json\/wp\/v2\/product_tag?post=17624"}],"curies":[{"name":"wp","href":"https:\/\/api.w.org\/{rel}","templated":true}]}}