{"id":17840,"date":"2022-05-08T07:34:27","date_gmt":"2022-05-08T05:34:27","guid":{"rendered":"https:\/\/estoytrabajandoenello.es\/rijaskates\/guantes-con-grip-edea\/"},"modified":"2025-09-11T11:31:31","modified_gmt":"2025-09-11T09:31:31","slug":"guantes-con-grip-edea","status":"publish","type":"product","link":"https:\/\/estoytrabajandoenello.es\/rijaskates\/guantes-con-grip-edea\/","title":{"rendered":"Guantes con Grip Edea"},"content":{"rendered":"<p>Dise\u00f1ado para patinaje sobre hielo con puntos de goma integrados en la palma para un mejor agarre.<br \/>\nHecho de acr\u00edlico suave (95%) y elast\u00e1n (5%) para un ajuste perfecto.<br \/>\nMu\u00f1eca m\u00e1s larga y ajustada para mayor comodidad.<br \/>\nTallas: Peque\u00f1a (5-10 a\u00f1os), Mediana (11-15 a\u00f1os), Grande (&gt;16 a\u00f1os)<br \/>\nColores disponibles: Blanco, Negro, Beige. Rosa y Azul.<\/p>\n","protected":false},"excerpt":{"rendered":"<p>Guantes con Grip Edea<\/p>\n","protected":false},"featured_media":4555,"comment_status":"open","ping_status":"closed","template":"","meta":[],"pwb-brand":[544],"product_cat":[83],"product_tag":[],"class_list":{"0":"post-17840","1":"product","2":"type-product","3":"status-publish","4":"has-post-thumbnail","6":"pwb-brand-edea","7":"product_cat-accesorios-patinaje-artistico-sobre-ruedas","9":"first","10":"instock","11":"taxable","12":"shipping-taxable","13":"purchasable","14":"product-type-variable"},"bundled_by":[],"bundle_stock_status":"instock","bundle_stock_quantity":153,"bundle_virtual":false,"bundle_layout":"","bundle_add_to_cart_form_location":"","bundle_editable_in_cart":false,"bundle_sold_individually_context":"","bundle_item_grouping":"","bundle_min_size":"","bundle_max_size":"","bundled_items":[],"bundle_sell_ids":[],"brands":[{"id":544,"name":"EDEA","slug":"edea"}],"_links":{"self":[{"href":"https:\/\/estoytrabajandoenello.es\/rijaskates\/wp-json\/wp\/v2\/product\/17840","targetHints":{"allow":["GET"]}}],"collection":[{"href":"https:\/\/estoytrabajandoenello.es\/rijaskates\/wp-json\/wp\/v2\/product"}],"about":[{"href":"https:\/\/estoytrabajandoenello.es\/rijaskates\/wp-json\/wp\/v2\/types\/product"}],"replies":[{"embeddable":true,"href":"https:\/\/estoytrabajandoenello.es\/rijaskates\/wp-json\/wp\/v2\/comments?post=17840"}],"wp:featuredmedia":[{"embeddable":true,"href":"https:\/\/estoytrabajandoenello.es\/rijaskates\/wp-json\/wp\/v2\/media\/4555"}],"wp:attachment":[{"href":"https:\/\/estoytrabajandoenello.es\/rijaskates\/wp-json\/wp\/v2\/media?parent=17840"}],"wp:term":[{"taxonomy":"pwb-brand","embeddable":true,"href":"https:\/\/estoytrabajandoenello.es\/rijaskates\/wp-json\/wp\/v2\/pwb-brand?post=17840"},{"taxonomy":"product_cat","embeddable":true,"href":"https:\/\/estoytrabajandoenello.es\/rijaskates\/wp-json\/wp\/v2\/product_cat?post=17840"},{"taxonomy":"product_tag","embeddable":true,"href":"https:\/\/estoytrabajandoenello.es\/rijaskates\/wp-json\/wp\/v2\/product_tag?post=17840"}],"curies":[{"name":"wp","href":"https:\/\/api.w.org\/{rel}","templated":true}]}}