{"id":17927,"date":"2022-05-08T08:48:29","date_gmt":"2022-05-08T06:48:29","guid":{"rendered":"https:\/\/estoytrabajandoenello.es\/rijaskates\/e-guards-edea\/"},"modified":"2025-09-11T11:31:31","modified_gmt":"2025-09-11T09:31:31","slug":"e-guards-edea","status":"publish","type":"product","link":"https:\/\/estoytrabajandoenello.es\/rijaskates\/e-guards-edea\/","title":{"rendered":"E-Guards Edea"},"content":{"rendered":"<p>El E-Guard ha sido completamente repensado para un mejor drenaje, protecci\u00f3n y es f\u00e1cil y r\u00e1pido de usar.<br \/>\n\u200b\u200b\u200b\u200b\u200b\u200b\u200b\u200b\u200b\u200b\u200b\u200b\u200b\u200bEs ideal para todas las cuchillas que van desde el tama\u00f1o 8 3\/4 hasta 10 1\/4 (algunos patinadores tambi\u00e9n lo usan en cuchillas 10 1\/2). Para cuchillas de danza, se incluyen tama\u00f1os de 9 1\/4 a 11.<\/p>\n<p>Soporte &#8211; perfil de v\u00e9rtebras exclusivo para soportar la hoja hueca y proteger los bordes<br \/>\nDe una pieza &#8211; menor estorbo, sin piezas, sin ensamblaje Se estira para adaptarse a todos los tama\u00f1os<br \/>\nCaminata f\u00e1cil &#8211; el agarre de goma m\u00e1s ancho hace que caminar sea m\u00e1s f\u00e1cil con menos deslizamiento<br \/>\nDise\u00f1ado &#8211; para todos los tipos de cuchillas<br \/>\nCoj\u00edn &#8211; la suela de goma es m\u00e1s suave y silenciosa. No &#8220;click-clack&#8221;<br \/>\nCuidado f\u00e1cil &#8211; un drenaje superior significa cuchillas m\u00e1s secas y menos \u00f3xido<\/p>\n","protected":false},"excerpt":{"rendered":"<p>E-Guards Edea<\/p>\n","protected":false},"featured_media":5701,"comment_status":"open","ping_status":"closed","template":"","meta":[],"pwb-brand":[544],"product_cat":[83],"product_tag":[],"class_list":{"0":"post-17927","1":"product","2":"type-product","3":"status-publish","4":"has-post-thumbnail","6":"pwb-brand-edea","7":"product_cat-accesorios-patinaje-artistico-sobre-ruedas","9":"first","10":"instock","11":"taxable","12":"shipping-taxable","13":"purchasable","14":"product-type-variable"},"bundled_by":[],"bundle_stock_status":"instock","bundle_stock_quantity":38,"bundle_virtual":false,"bundle_layout":"","bundle_add_to_cart_form_location":"","bundle_editable_in_cart":false,"bundle_sold_individually_context":"","bundle_item_grouping":"","bundle_min_size":"","bundle_max_size":"","bundled_items":[],"bundle_sell_ids":[],"brands":[{"id":544,"name":"EDEA","slug":"edea"}],"_links":{"self":[{"href":"https:\/\/estoytrabajandoenello.es\/rijaskates\/wp-json\/wp\/v2\/product\/17927","targetHints":{"allow":["GET"]}}],"collection":[{"href":"https:\/\/estoytrabajandoenello.es\/rijaskates\/wp-json\/wp\/v2\/product"}],"about":[{"href":"https:\/\/estoytrabajandoenello.es\/rijaskates\/wp-json\/wp\/v2\/types\/product"}],"replies":[{"embeddable":true,"href":"https:\/\/estoytrabajandoenello.es\/rijaskates\/wp-json\/wp\/v2\/comments?post=17927"}],"wp:featuredmedia":[{"embeddable":true,"href":"https:\/\/estoytrabajandoenello.es\/rijaskates\/wp-json\/wp\/v2\/media\/5701"}],"wp:attachment":[{"href":"https:\/\/estoytrabajandoenello.es\/rijaskates\/wp-json\/wp\/v2\/media?parent=17927"}],"wp:term":[{"taxonomy":"pwb-brand","embeddable":true,"href":"https:\/\/estoytrabajandoenello.es\/rijaskates\/wp-json\/wp\/v2\/pwb-brand?post=17927"},{"taxonomy":"product_cat","embeddable":true,"href":"https:\/\/estoytrabajandoenello.es\/rijaskates\/wp-json\/wp\/v2\/product_cat?post=17927"},{"taxonomy":"product_tag","embeddable":true,"href":"https:\/\/estoytrabajandoenello.es\/rijaskates\/wp-json\/wp\/v2\/product_tag?post=17927"}],"curies":[{"name":"wp","href":"https:\/\/api.w.org\/{rel}","templated":true}]}}