{"id":17962,"date":"2022-05-08T09:13:41","date_gmt":"2022-05-08T07:13:41","guid":{"rendered":"https:\/\/estoytrabajandoenello.es\/rijaskates\/e-spinner\/"},"modified":"2025-09-11T11:31:43","modified_gmt":"2025-09-11T09:31:43","slug":"e-spinner","status":"publish","type":"product","link":"https:\/\/estoytrabajandoenello.es\/rijaskates\/e-spinner\/","title":{"rendered":"E-Spinner"},"content":{"rendered":"<p>Spinner t\u00e9cnico con un eje de balanc\u00edn mejorado y un nuevo eje para un giro y despegues m\u00e1s realistas. Es un nuevo dise\u00f1o porque el punto de rotaci\u00f3n se ha movido hacia adelante para dar una sensaci\u00f3n m\u00e1s realista a la hora de girar. El eje de balance y el perfil de la curva son m\u00e1s altos, por lo que se reduce la fricci\u00f3n y se mejora la velocidad de giro, consiguiendo as\u00ed un mejor equilibrio. Adem\u00e1s, la plataforma es m\u00e1s ancha para facilitar su uso.<\/p>\n<p>Ideal para que los patinadores serios practiquen y perfeccionen sus movimientos, tanto giros como saltos. A medida que se usa, adem\u00e1s de mejorar la postura, el equilibrio y la agilidad se fortalece todo el cuerpo.<\/p>\n<p>Se incluyen dos bandas para su uso en diferentes superficies.<\/p>\n<p>&nbsp;<\/p>\n<p>&nbsp;<\/p>\n","protected":false},"excerpt":{"rendered":"<p>E-Spinner<\/p>\n","protected":false},"featured_media":5062,"comment_status":"open","ping_status":"closed","template":"","meta":[],"pwb-brand":[544],"product_cat":[83],"product_tag":[],"class_list":{"0":"post-17962","1":"product","2":"type-product","3":"status-publish","4":"has-post-thumbnail","6":"pwb-brand-edea","7":"product_cat-accesorios-patinaje-artistico-sobre-ruedas","9":"first","10":"instock","11":"taxable","12":"shipping-taxable","13":"purchasable","14":"product-type-variable"},"bundled_by":[],"bundle_stock_status":"instock","bundle_stock_quantity":13,"bundle_virtual":false,"bundle_layout":"","bundle_add_to_cart_form_location":"","bundle_editable_in_cart":false,"bundle_sold_individually_context":"","bundle_item_grouping":"","bundle_min_size":"","bundle_max_size":"","bundled_items":[],"bundle_sell_ids":[],"brands":[{"id":544,"name":"EDEA","slug":"edea"}],"_links":{"self":[{"href":"https:\/\/estoytrabajandoenello.es\/rijaskates\/wp-json\/wp\/v2\/product\/17962","targetHints":{"allow":["GET"]}}],"collection":[{"href":"https:\/\/estoytrabajandoenello.es\/rijaskates\/wp-json\/wp\/v2\/product"}],"about":[{"href":"https:\/\/estoytrabajandoenello.es\/rijaskates\/wp-json\/wp\/v2\/types\/product"}],"replies":[{"embeddable":true,"href":"https:\/\/estoytrabajandoenello.es\/rijaskates\/wp-json\/wp\/v2\/comments?post=17962"}],"wp:featuredmedia":[{"embeddable":true,"href":"https:\/\/estoytrabajandoenello.es\/rijaskates\/wp-json\/wp\/v2\/media\/5062"}],"wp:attachment":[{"href":"https:\/\/estoytrabajandoenello.es\/rijaskates\/wp-json\/wp\/v2\/media?parent=17962"}],"wp:term":[{"taxonomy":"pwb-brand","embeddable":true,"href":"https:\/\/estoytrabajandoenello.es\/rijaskates\/wp-json\/wp\/v2\/pwb-brand?post=17962"},{"taxonomy":"product_cat","embeddable":true,"href":"https:\/\/estoytrabajandoenello.es\/rijaskates\/wp-json\/wp\/v2\/product_cat?post=17962"},{"taxonomy":"product_tag","embeddable":true,"href":"https:\/\/estoytrabajandoenello.es\/rijaskates\/wp-json\/wp\/v2\/product_tag?post=17962"}],"curies":[{"name":"wp","href":"https:\/\/api.w.org\/{rel}","templated":true}]}}