{"id":18022,"date":"2022-05-08T09:56:23","date_gmt":"2022-05-08T07:56:23","guid":{"rendered":"https:\/\/estoytrabajandoenello.es\/rijaskates\/plantillas-bota-edea-lite\/"},"modified":"2025-09-11T11:31:43","modified_gmt":"2025-09-11T09:31:43","slug":"plantillas-bota-edea-lite","status":"publish","type":"product","link":"https:\/\/estoytrabajandoenello.es\/rijaskates\/plantillas-bota-edea-lite\/","title":{"rendered":"Plantillas Bota Edea Lite"},"content":{"rendered":"<p>Plantilla anat\u00f3micamente preformada hecha de material EVA especial dise\u00f1ada para adaptarse al peso y a la presi\u00f3n del pie.<br \/>\nEsta suela absorbe golpes y vibraciones mientras mantiene el pie a una temperatura constante.<br \/>\nLa perforaci\u00f3n de ventilaci\u00f3n ayuda al flujo de aire.<\/p>\n","protected":false},"excerpt":{"rendered":"<p>Plantillas Bota Edea Lite<\/p>\n","protected":false},"featured_media":4171,"comment_status":"open","ping_status":"closed","template":"","meta":[],"pwb-brand":[544],"product_cat":[83],"product_tag":[],"class_list":{"0":"post-18022","1":"product","2":"type-product","3":"status-publish","4":"has-post-thumbnail","6":"pwb-brand-edea","7":"product_cat-accesorios-patinaje-artistico-sobre-ruedas","9":"first","10":"instock","11":"taxable","12":"shipping-taxable","13":"purchasable","14":"product-type-variable"},"bundled_by":[],"bundle_stock_status":"instock","bundle_stock_quantity":56,"bundle_virtual":false,"bundle_layout":"","bundle_add_to_cart_form_location":"","bundle_editable_in_cart":false,"bundle_sold_individually_context":"","bundle_item_grouping":"","bundle_min_size":"","bundle_max_size":"","bundled_items":[],"bundle_sell_ids":[],"brands":[{"id":544,"name":"EDEA","slug":"edea"}],"_links":{"self":[{"href":"https:\/\/estoytrabajandoenello.es\/rijaskates\/wp-json\/wp\/v2\/product\/18022","targetHints":{"allow":["GET"]}}],"collection":[{"href":"https:\/\/estoytrabajandoenello.es\/rijaskates\/wp-json\/wp\/v2\/product"}],"about":[{"href":"https:\/\/estoytrabajandoenello.es\/rijaskates\/wp-json\/wp\/v2\/types\/product"}],"replies":[{"embeddable":true,"href":"https:\/\/estoytrabajandoenello.es\/rijaskates\/wp-json\/wp\/v2\/comments?post=18022"}],"wp:featuredmedia":[{"embeddable":true,"href":"https:\/\/estoytrabajandoenello.es\/rijaskates\/wp-json\/wp\/v2\/media\/4171"}],"wp:attachment":[{"href":"https:\/\/estoytrabajandoenello.es\/rijaskates\/wp-json\/wp\/v2\/media?parent=18022"}],"wp:term":[{"taxonomy":"pwb-brand","embeddable":true,"href":"https:\/\/estoytrabajandoenello.es\/rijaskates\/wp-json\/wp\/v2\/pwb-brand?post=18022"},{"taxonomy":"product_cat","embeddable":true,"href":"https:\/\/estoytrabajandoenello.es\/rijaskates\/wp-json\/wp\/v2\/product_cat?post=18022"},{"taxonomy":"product_tag","embeddable":true,"href":"https:\/\/estoytrabajandoenello.es\/rijaskates\/wp-json\/wp\/v2\/product_tag?post=18022"}],"curies":[{"name":"wp","href":"https:\/\/api.w.org\/{rel}","templated":true}]}}