{"id":18145,"date":"2022-05-08T11:37:48","date_gmt":"2022-05-08T09:37:48","guid":{"rendered":"https:\/\/estoytrabajandoenello.es\/rijaskates\/patin-evo-roll-line\/"},"modified":"2025-09-11T11:31:44","modified_gmt":"2025-09-11T09:31:44","slug":"patin-evo-roll-line","status":"publish","type":"product","link":"https:\/\/estoytrabajandoenello.es\/rijaskates\/patin-evo-roll-line\/","title":{"rendered":"Pat\u00edn Evo Roll Line"},"content":{"rendered":"<h2>Descubre el Roll Line Pat\u00edn Evo.<\/h2>\n<p>El Pat\u00edn Evo Roll Line, tiene una base altamente t\u00e9cnica, y un dise\u00f1o y una rigidez estructural excelente.<\/p>\n<p>Creado por la fusi\u00f3n de las mejores caracter\u00edsticas de la DB12 y de la Matrix. El Pat\u00edn Evo se ha creado en colaboraci\u00f3n con los mejores atletas y entrenadores del mundo y ya apreciado por ellos.<\/p>\n<p>Pontes de aluminio con ejes de titanio, tren de ruedas back left con ejes de acero.<\/p>\n<h3>Tren de ruedas del Pat\u00edn Evo Roll Line.<\/h3>\n<p>Tren de ruedas con diferentes \u00e1ngulos: el tren ruedas delantero, con m\u00e1s \u00e1ngulo, nos permite obtener un mejor giro y con menor presi\u00f3n, el tren ruedas trasero, el \u00e1ngulo es menos inclinado y nos da, una mejor garant\u00eda, con respecto a la estabilidad, durante los giros.<\/p>\n<p>Suspensiones en elast\u00f3mero redise\u00f1adas con un doblecentrado, que proporcionan una base excelente mientras se prepara para el salto y una estabilidad perfecta en el aterrizaje (con 1 juego adicional incluido). Kit herramientas profesionales incluido.<\/p>\n","protected":false},"excerpt":{"rendered":"<p>Pat\u00edn Evo Roll Line<\/p>\n","protected":false},"featured_media":555,"comment_status":"open","ping_status":"closed","template":"","meta":[],"pwb-brand":[548],"product_cat":[27],"product_tag":[],"class_list":{"0":"post-18145","1":"product","2":"type-product","3":"status-publish","4":"has-post-thumbnail","6":"pwb-brand-roll-line","7":"product_cat-patinaje-en-linea","9":"first","10":"instock","11":"taxable","12":"shipping-taxable","13":"purchasable","14":"product-type-variable"},"bundled_by":[],"bundle_stock_status":"instock","bundle_stock_quantity":21,"bundle_virtual":false,"bundle_layout":"","bundle_add_to_cart_form_location":"","bundle_editable_in_cart":false,"bundle_sold_individually_context":"","bundle_item_grouping":"","bundle_min_size":"","bundle_max_size":"","bundled_items":[],"bundle_sell_ids":[],"brands":[{"id":548,"name":"Roll Line","slug":"roll-line"}],"_links":{"self":[{"href":"https:\/\/estoytrabajandoenello.es\/rijaskates\/wp-json\/wp\/v2\/product\/18145","targetHints":{"allow":["GET"]}}],"collection":[{"href":"https:\/\/estoytrabajandoenello.es\/rijaskates\/wp-json\/wp\/v2\/product"}],"about":[{"href":"https:\/\/estoytrabajandoenello.es\/rijaskates\/wp-json\/wp\/v2\/types\/product"}],"replies":[{"embeddable":true,"href":"https:\/\/estoytrabajandoenello.es\/rijaskates\/wp-json\/wp\/v2\/comments?post=18145"}],"wp:featuredmedia":[{"embeddable":true,"href":"https:\/\/estoytrabajandoenello.es\/rijaskates\/wp-json\/wp\/v2\/media\/555"}],"wp:attachment":[{"href":"https:\/\/estoytrabajandoenello.es\/rijaskates\/wp-json\/wp\/v2\/media?parent=18145"}],"wp:term":[{"taxonomy":"pwb-brand","embeddable":true,"href":"https:\/\/estoytrabajandoenello.es\/rijaskates\/wp-json\/wp\/v2\/pwb-brand?post=18145"},{"taxonomy":"product_cat","embeddable":true,"href":"https:\/\/estoytrabajandoenello.es\/rijaskates\/wp-json\/wp\/v2\/product_cat?post=18145"},{"taxonomy":"product_tag","embeddable":true,"href":"https:\/\/estoytrabajandoenello.es\/rijaskates\/wp-json\/wp\/v2\/product_tag?post=18145"}],"curies":[{"name":"wp","href":"https:\/\/api.w.org\/{rel}","templated":true}]}}