{"id":18359,"date":"2022-05-08T22:11:23","date_gmt":"2022-05-08T20:11:23","guid":{"rendered":"https:\/\/estoytrabajandoenello.es\/rijaskates\/fundas-neopreno-pro-qs\/"},"modified":"2025-09-11T11:31:42","modified_gmt":"2025-09-11T09:31:42","slug":"fundas-neopreno-pro-qs","status":"publish","type":"product","link":"https:\/\/estoytrabajandoenello.es\/rijaskates\/fundas-neopreno-pro-qs\/","title":{"rendered":"Fundas Neopreno Pro QS"},"content":{"rendered":"<p>Fundas Cubrepatines para tu Botas de Patinaje, muy resistentes y fabricadas en neopreno. Estas Fundas Cubrepatines est\u00e1n dise\u00f1adas para durar mas tiempo y proteger muy bien tus botas.<\/p>\n<p><strong>Cubrir tus Patines con unas buenas Fundas<\/strong> te ayudar\u00e1 a mantener tu equipo en buen estado durante mucho m\u00e1s tiempo. En Rijaskates tenemos Fundas Cubrepatines dise\u00f1adas para patinadores exigentes.<\/p>\n<h3>Fundas Cubrepatines dise\u00f1adas para durar.<\/h3>\n<p>Estas <strong>Fundas Cubrepatines<\/strong> de Neopreno son el accesorio perfecto para mantener tus botas de patinaje en perfectas condiciones y durante mucho m\u00e1s tiempo.<\/p>\n<p>Colores: Negro, Rosa, Lila.<\/p>\n","protected":false},"excerpt":{"rendered":"<p>Fundas Neopreno Pro QS<\/p>\n","protected":false},"featured_media":19131,"comment_status":"open","ping_status":"closed","template":"","meta":[],"pwb-brand":[547],"product_cat":[83],"product_tag":[],"class_list":{"0":"post-18359","1":"product","2":"type-product","3":"status-publish","4":"has-post-thumbnail","6":"pwb-brand-qskate","7":"product_cat-accesorios-patinaje-artistico-sobre-ruedas","9":"first","10":"instock","11":"taxable","12":"shipping-taxable","13":"purchasable","14":"product-type-variable"},"bundled_by":[],"bundle_stock_status":"instock","bundle_stock_quantity":1594,"bundle_virtual":false,"bundle_layout":"","bundle_add_to_cart_form_location":"","bundle_editable_in_cart":false,"bundle_sold_individually_context":"","bundle_item_grouping":"","bundle_min_size":"","bundle_max_size":"","bundled_items":[],"bundle_sell_ids":[],"brands":[{"id":547,"name":"QSkate","slug":"qskate"}],"_links":{"self":[{"href":"https:\/\/estoytrabajandoenello.es\/rijaskates\/wp-json\/wp\/v2\/product\/18359","targetHints":{"allow":["GET"]}}],"collection":[{"href":"https:\/\/estoytrabajandoenello.es\/rijaskates\/wp-json\/wp\/v2\/product"}],"about":[{"href":"https:\/\/estoytrabajandoenello.es\/rijaskates\/wp-json\/wp\/v2\/types\/product"}],"replies":[{"embeddable":true,"href":"https:\/\/estoytrabajandoenello.es\/rijaskates\/wp-json\/wp\/v2\/comments?post=18359"}],"wp:featuredmedia":[{"embeddable":true,"href":"https:\/\/estoytrabajandoenello.es\/rijaskates\/wp-json\/wp\/v2\/media\/19131"}],"wp:attachment":[{"href":"https:\/\/estoytrabajandoenello.es\/rijaskates\/wp-json\/wp\/v2\/media?parent=18359"}],"wp:term":[{"taxonomy":"pwb-brand","embeddable":true,"href":"https:\/\/estoytrabajandoenello.es\/rijaskates\/wp-json\/wp\/v2\/pwb-brand?post=18359"},{"taxonomy":"product_cat","embeddable":true,"href":"https:\/\/estoytrabajandoenello.es\/rijaskates\/wp-json\/wp\/v2\/product_cat?post=18359"},{"taxonomy":"product_tag","embeddable":true,"href":"https:\/\/estoytrabajandoenello.es\/rijaskates\/wp-json\/wp\/v2\/product_tag?post=18359"}],"curies":[{"name":"wp","href":"https:\/\/api.w.org\/{rel}","templated":true}]}}