{"id":18385,"date":"2022-05-08T23:16:21","date_gmt":"2022-05-08T21:16:21","guid":{"rendered":"https:\/\/estoytrabajandoenello.es\/rijaskates\/patin-qskate-club\/"},"modified":"2025-09-11T11:31:43","modified_gmt":"2025-09-11T09:31:43","slug":"patin-qskate-club","status":"publish","type":"product","link":"https:\/\/estoytrabajandoenello.es\/rijaskates\/patin-qskate-club\/","title":{"rendered":"Pat\u00edn QSKATE Club"},"content":{"rendered":"<p class=\"p1\">Patin ideado para aquellas personas que quieran <b>competir <\/b>en el mundo del patinaje<span class=\"Apple-converted-space\">\u00a0<\/span><\/p>\n<p class=\"p2\">art\u00edstico en cualquiera de sus modalidades: <b>libre, danza, figuras o hockey. <\/b>Fabricado en <b>aluminio aeron\u00e1utico T6 con acabado t\u00e9cnico<\/b><\/p>\n<p class=\"p1\">Su forma ergon\u00f3mica facilita el agarre para posiciones como la biellman y evita da\u00f1os en la mano. Con un <b>peso m\u00e1s ligero <\/b>en comparaci\u00f3n a otros patines<span class=\"Apple-converted-space\">\u00a0<\/span><\/p>\n<p class=\"p2\">de iniciaci\u00f3n. El pat\u00edn m\u00e1s <b>vers\u00e1til <\/b>con la <b>mejor relaci\u00f3n calidad-precio.<\/b><\/p>\n","protected":false},"excerpt":{"rendered":"<p>Pat\u00edn QSKATE Club<\/p>\n","protected":false},"featured_media":18506,"comment_status":"open","ping_status":"closed","template":"","meta":[],"pwb-brand":[547],"product_cat":[27],"product_tag":[],"class_list":{"0":"post-18385","1":"product","2":"type-product","3":"status-publish","4":"has-post-thumbnail","6":"pwb-brand-qskate","7":"product_cat-patinaje-en-linea","9":"first","10":"instock","11":"taxable","12":"shipping-taxable","13":"purchasable","14":"product-type-variable"},"bundled_by":["19999","21720"],"bundle_stock_status":"instock","bundle_stock_quantity":959,"bundle_virtual":false,"bundle_layout":"","bundle_add_to_cart_form_location":"","bundle_editable_in_cart":false,"bundle_sold_individually_context":"","bundle_item_grouping":"","bundle_min_size":"","bundle_max_size":"","bundled_items":[],"bundle_sell_ids":[],"brands":[{"id":547,"name":"QSkate","slug":"qskate"}],"_links":{"self":[{"href":"https:\/\/estoytrabajandoenello.es\/rijaskates\/wp-json\/wp\/v2\/product\/18385","targetHints":{"allow":["GET"]}}],"collection":[{"href":"https:\/\/estoytrabajandoenello.es\/rijaskates\/wp-json\/wp\/v2\/product"}],"about":[{"href":"https:\/\/estoytrabajandoenello.es\/rijaskates\/wp-json\/wp\/v2\/types\/product"}],"replies":[{"embeddable":true,"href":"https:\/\/estoytrabajandoenello.es\/rijaskates\/wp-json\/wp\/v2\/comments?post=18385"}],"wp:featuredmedia":[{"embeddable":true,"href":"https:\/\/estoytrabajandoenello.es\/rijaskates\/wp-json\/wp\/v2\/media\/18506"}],"wp:attachment":[{"href":"https:\/\/estoytrabajandoenello.es\/rijaskates\/wp-json\/wp\/v2\/media?parent=18385"}],"wp:term":[{"taxonomy":"pwb-brand","embeddable":true,"href":"https:\/\/estoytrabajandoenello.es\/rijaskates\/wp-json\/wp\/v2\/pwb-brand?post=18385"},{"taxonomy":"product_cat","embeddable":true,"href":"https:\/\/estoytrabajandoenello.es\/rijaskates\/wp-json\/wp\/v2\/product_cat?post=18385"},{"taxonomy":"product_tag","embeddable":true,"href":"https:\/\/estoytrabajandoenello.es\/rijaskates\/wp-json\/wp\/v2\/product_tag?post=18385"}],"curies":[{"name":"wp","href":"https:\/\/api.w.org\/{rel}","templated":true}]}}