{"id":18396,"date":"2022-05-08T23:50:59","date_gmt":"2022-05-08T21:50:59","guid":{"rendered":"https:\/\/estoytrabajandoenello.es\/rijaskates\/patin-qskates-narval\/"},"modified":"2025-09-11T11:31:31","modified_gmt":"2025-09-11T09:31:31","slug":"patin-qskates-narval","status":"publish","type":"product","link":"https:\/\/estoytrabajandoenello.es\/rijaskates\/patin-qskates-narval\/","title":{"rendered":"Pat\u00edn QSKATE Narval"},"content":{"rendered":"<p class=\"p1\">El Narval combina complejidad t\u00e9cnica con un aspecto sencillo y elegante. Disponible en las tallas de la 100 a la 180. Est\u00e1 fabricado con una <b>aleaci\u00f3n especial de aluminio <\/b>para ofrecer la m\u00e1xima ligereza. Cuenta con nervios interiores que le proporcionan <b>mayor rigidez y resistencia <\/b>ante posibles deformaciones. El pat\u00edn Narval cuenta con <b>pie izquierdo y derecho <\/b>y con una <b>base curvada<\/b>, lo que permite total contacto con la suela de la bota para un montaje preciso.<\/p>\n<p class=\"p1\">No lleva <b>ning\u00fan remache <\/b>lo que alarga la vida \u00fatil omitiendo los desgastes que surgen cuando se hace uso de estos. Alarga la vida \u00fatil omitiendo los desgastes que surgen cuando se hace uso de estos. Las ruedas se ajustan mediante una llave allen de 4mm, el freno con una de 5mm.<\/p>\n<p class=\"p1\">La <b>rueda central est\u00e1 m\u00e1s abajo <\/b>que la frontal y la trasera, ofreciendo as\u00ed un rockering que se asimila a la curvatura de las cuchillas m\u00e1s utilizadas en el patinaje art\u00edstico sobre hielo. Su <b>freno <\/b>est\u00e1 <b>inclinado 25\u00ba <\/b>para imitar el \u00e1ngulo de la serretas de las cuchillas.<\/p>\n<p class=\"p1\">Esto ofrece al patinador un <b>control excelente sobre su apoyo <\/b>a la hora de realizar los saltos y las piruetas. Su <b>forma ergon\u00f3mica <\/b>permite un <b>agarre c\u00f3modo <\/b>del pie a la hora de realizar figuras como la biellman y evitan que el patinador se da\u00f1e la mano. En el patinaje la t\u00e9cnica es tan importante como lo art\u00edstico, es por eso que el pat\u00edn Narval, adem\u00e1s de ofrecer todas las prestaciones mencionadas, est\u00e1 <b>disponible en dos acabados <\/b>que le hacen destacar sobre el resto: <b>grafito y dorado.<\/b><\/p>\n","protected":false},"excerpt":{"rendered":"<p>Pat\u00edn QSKATE Narval<\/p>\n","protected":false},"featured_media":18490,"comment_status":"open","ping_status":"closed","template":"","meta":[],"pwb-brand":[547],"product_cat":[27],"product_tag":[],"class_list":{"0":"post-18396","1":"product","2":"type-product","3":"status-publish","4":"has-post-thumbnail","6":"pwb-brand-qskate","7":"product_cat-patinaje-en-linea","9":"first","10":"instock","11":"taxable","12":"shipping-taxable","13":"purchasable","14":"product-type-variable"},"bundled_by":[],"bundle_stock_status":"instock","bundle_stock_quantity":45,"bundle_virtual":false,"bundle_layout":"","bundle_add_to_cart_form_location":"","bundle_editable_in_cart":false,"bundle_sold_individually_context":"","bundle_item_grouping":"","bundle_min_size":"","bundle_max_size":"","bundled_items":[],"bundle_sell_ids":[],"brands":[{"id":547,"name":"QSkate","slug":"qskate"}],"_links":{"self":[{"href":"https:\/\/estoytrabajandoenello.es\/rijaskates\/wp-json\/wp\/v2\/product\/18396","targetHints":{"allow":["GET"]}}],"collection":[{"href":"https:\/\/estoytrabajandoenello.es\/rijaskates\/wp-json\/wp\/v2\/product"}],"about":[{"href":"https:\/\/estoytrabajandoenello.es\/rijaskates\/wp-json\/wp\/v2\/types\/product"}],"replies":[{"embeddable":true,"href":"https:\/\/estoytrabajandoenello.es\/rijaskates\/wp-json\/wp\/v2\/comments?post=18396"}],"wp:featuredmedia":[{"embeddable":true,"href":"https:\/\/estoytrabajandoenello.es\/rijaskates\/wp-json\/wp\/v2\/media\/18490"}],"wp:attachment":[{"href":"https:\/\/estoytrabajandoenello.es\/rijaskates\/wp-json\/wp\/v2\/media?parent=18396"}],"wp:term":[{"taxonomy":"pwb-brand","embeddable":true,"href":"https:\/\/estoytrabajandoenello.es\/rijaskates\/wp-json\/wp\/v2\/pwb-brand?post=18396"},{"taxonomy":"product_cat","embeddable":true,"href":"https:\/\/estoytrabajandoenello.es\/rijaskates\/wp-json\/wp\/v2\/product_cat?post=18396"},{"taxonomy":"product_tag","embeddable":true,"href":"https:\/\/estoytrabajandoenello.es\/rijaskates\/wp-json\/wp\/v2\/product_tag?post=18396"}],"curies":[{"name":"wp","href":"https:\/\/api.w.org\/{rel}","templated":true}]}}