{"id":18422,"date":"2022-05-09T09:05:25","date_gmt":"2022-05-09T07:05:25","guid":{"rendered":"https:\/\/estoytrabajandoenello.es\/rijaskates\/patin-qskate-hockey\/"},"modified":"2025-09-11T11:31:59","modified_gmt":"2025-09-11T09:31:59","slug":"patin-qskate-hockey","status":"publish","type":"product","link":"https:\/\/estoytrabajandoenello.es\/rijaskates\/patin-qskate-hockey\/","title":{"rendered":"Pat\u00edn QSKATE Hockey"},"content":{"rendered":"<p class=\"p1\">Primer pat\u00edn <b>exclusivamente dise\u00f1ado <\/b>para satisfacer las necesidades de los <b>jugadores de Hockey<\/b>. La <b>base <\/b>del pat\u00edn es <b>m\u00e1s ancha <\/b>para adaptarse a todos los modelos de bota y facilitar el montaje, <b>garantizando una fijaci\u00f3n segura y resistente. <\/b>El <b>tren delantero <\/b>est\u00e1 colocado estrat\u00e9gicamente <b>m\u00e1s atr\u00e1s <\/b>para poder realizar <b>movimientos m\u00e1s \u00e1giles y coger mayor velocidad<\/b>. Esto tambi\u00e9n permite que el freno sobresalga de la bota para poder empujar sin que la bota choque.<\/p>\n<p class=\"p1\">El <b>freno <\/b>cuenta con <b>dos puntos de fijaci\u00f3n <\/b>para resistir los golpes m\u00e1s bruscos y duros sin problema. Las <b>suspensiones <\/b>de elast\u00f3mero se regulan a trav\u00e9s de <b>sistema click<\/b>, permitiendo un <b>ajuste m\u00e1s preciso<\/b>. Pat\u00edn<span class=\"Apple-converted-space\">\u00a0<\/span>fabricado en <b>aluminio aeron\u00e1utico T6 con acabado t\u00e9cnico <\/b>color grafito, <b>personalizable<span class=\"Apple-converted-space\">\u00a0<\/span><\/b><b>bajo demanda.<\/b><\/p>\n","protected":false},"excerpt":{"rendered":"<p>Pat\u00edn QSKATE Hockey<\/p>\n","protected":false},"featured_media":18494,"comment_status":"open","ping_status":"closed","template":"","meta":[],"pwb-brand":[547],"product_cat":[27],"product_tag":[],"class_list":{"0":"post-18422","1":"product","2":"type-product","3":"status-publish","4":"has-post-thumbnail","6":"pwb-brand-qskate","7":"product_cat-patinaje-en-linea","9":"first","10":"instock","11":"taxable","12":"shipping-taxable","13":"purchasable","14":"product-type-variable"},"bundled_by":[],"bundle_stock_status":"instock","bundle_stock_quantity":102,"bundle_virtual":false,"bundle_layout":"","bundle_add_to_cart_form_location":"","bundle_editable_in_cart":false,"bundle_sold_individually_context":"","bundle_item_grouping":"","bundle_min_size":"","bundle_max_size":"","bundled_items":[],"bundle_sell_ids":[],"brands":[{"id":547,"name":"QSkate","slug":"qskate"}],"_links":{"self":[{"href":"https:\/\/estoytrabajandoenello.es\/rijaskates\/wp-json\/wp\/v2\/product\/18422","targetHints":{"allow":["GET"]}}],"collection":[{"href":"https:\/\/estoytrabajandoenello.es\/rijaskates\/wp-json\/wp\/v2\/product"}],"about":[{"href":"https:\/\/estoytrabajandoenello.es\/rijaskates\/wp-json\/wp\/v2\/types\/product"}],"replies":[{"embeddable":true,"href":"https:\/\/estoytrabajandoenello.es\/rijaskates\/wp-json\/wp\/v2\/comments?post=18422"}],"wp:featuredmedia":[{"embeddable":true,"href":"https:\/\/estoytrabajandoenello.es\/rijaskates\/wp-json\/wp\/v2\/media\/18494"}],"wp:attachment":[{"href":"https:\/\/estoytrabajandoenello.es\/rijaskates\/wp-json\/wp\/v2\/media?parent=18422"}],"wp:term":[{"taxonomy":"pwb-brand","embeddable":true,"href":"https:\/\/estoytrabajandoenello.es\/rijaskates\/wp-json\/wp\/v2\/pwb-brand?post=18422"},{"taxonomy":"product_cat","embeddable":true,"href":"https:\/\/estoytrabajandoenello.es\/rijaskates\/wp-json\/wp\/v2\/product_cat?post=18422"},{"taxonomy":"product_tag","embeddable":true,"href":"https:\/\/estoytrabajandoenello.es\/rijaskates\/wp-json\/wp\/v2\/product_tag?post=18422"}],"curies":[{"name":"wp","href":"https:\/\/api.w.org\/{rel}","templated":true}]}}